{"id":158819,"date":"2025-12-19T16:02:45","date_gmt":"2025-12-19T15:02:45","guid":{"rendered":"https:\/\/sounds.tetedecom.pro\/?post_type=product&#038;p=158819"},"modified":"2026-02-12T16:41:44","modified_gmt":"2026-02-12T15:41:44","slug":"brussels-salsa-project-salsa-night-3","status":"publish","type":"product","link":"https:\/\/sounds.tetedecom.pro\/nl\/jazz-concert\/brussels-salsa-project-salsa-night-3\/","title":{"rendered":"BRUSSELS SALSA PROJECT \/ SALSA NIGHT"},"content":{"rendered":"","protected":false},"excerpt":{"rendered":"<p>Jhonatan \u00c1lvarez &#8211; bass<br \/>\nEscobar &#8211; conga<br \/>\nPavlo Cherniavskiy- piano<br \/>\nPedro Pucho &#8211; voice<br \/>\nRub\u00e9n Hern\u00e1ndez- Trumpet<br \/>\nDaniel Mill\u00e1n &#8211; timbal<\/p>\n","protected":false},"author":8382,"featured_media":158828,"comment_status":"closed","ping_status":"closed","template":"","meta":{"_acf_changed":false},"product_brand":[],"product_cat":[355],"product_tag":[],"class_list":{"0":"post-158819","1":"product","2":"type-product","3":"status-publish","4":"has-post-thumbnail","6":"product_cat-live-music-resist","8":"first","9":"instock","10":"shipping-taxable","11":"product-type-variable","12":"has-default-attributes","13":"nyp-product"},"acf":[],"yoast_head":"<!-- This site is optimized with the Yoast SEO plugin v26.1.1 - https:\/\/yoast.com\/wordpress\/plugins\/seo\/ -->\n<title>BRUSSELS SALSA PROJECT \/ SALSA NIGHT - Sounds Jazz Club<\/title>\n<meta name=\"robots\" content=\"index, follow, max-snippet:-1, max-image-preview:large, max-video-preview:-1\" \/>\n<link rel=\"canonical\" href=\"https:\/\/sounds.tetedecom.pro\/nl\/jazz-concert\/brussels-salsa-project-salsa-night-3\/\" \/>\n<meta property=\"og:locale\" content=\"nl_NL\" \/>\n<meta property=\"og:type\" content=\"article\" \/>\n<meta property=\"og:title\" content=\"BRUSSELS SALSA PROJECT \/ SALSA NIGHT - Sounds Jazz Club\" \/>\n<meta property=\"og:description\" content=\"Jhonatan \u00c1lvarez - bass Escobar - conga Pavlo Cherniavskiy- piano Pedro Pucho - voice Rub\u00e9n Hern\u00e1ndez- Trumpet Daniel Mill\u00e1n - timbal\" \/>\n<meta property=\"og:url\" content=\"https:\/\/sounds.tetedecom.pro\/nl\/jazz-concert\/brussels-salsa-project-salsa-night-3\/\" \/>\n<meta property=\"og:site_name\" content=\"Sounds Jazz Club\" \/>\n<meta property=\"article:modified_time\" content=\"2026-02-12T15:41:44+00:00\" \/>\n<meta property=\"og:image\" content=\"https:\/\/sounds.tetedecom.pro\/wp-content\/uploads\/2025\/12\/2026-02-28-brussels-salsa-project-salsa-night-1766156566.jpg\" \/>\n\t<meta property=\"og:image:width\" content=\"1279\" \/>\n\t<meta property=\"og:image:height\" content=\"1920\" \/>\n\t<meta property=\"og:image:type\" content=\"image\/jpeg\" \/>\n<meta name=\"twitter:card\" content=\"summary_large_image\" \/>\n<script type=\"application\/ld+json\" class=\"yoast-schema-graph\">{\"@context\":\"https:\/\/schema.org\",\"@graph\":[{\"@type\":\"WebPage\",\"@id\":\"https:\/\/sounds.tetedecom.pro\/nl\/jazz-concert\/brussels-salsa-project-salsa-night-3\/\",\"url\":\"https:\/\/sounds.tetedecom.pro\/nl\/jazz-concert\/brussels-salsa-project-salsa-night-3\/\",\"name\":\"BRUSSELS SALSA PROJECT \/ SALSA NIGHT - Sounds Jazz Club\",\"isPartOf\":{\"@id\":\"https:\/\/sounds.tetedecom.pro\/nl\/#website\"},\"primaryImageOfPage\":{\"@id\":\"https:\/\/sounds.tetedecom.pro\/nl\/jazz-concert\/brussels-salsa-project-salsa-night-3\/#primaryimage\"},\"image\":{\"@id\":\"https:\/\/sounds.tetedecom.pro\/nl\/jazz-concert\/brussels-salsa-project-salsa-night-3\/#primaryimage\"},\"thumbnailUrl\":\"https:\/\/sounds.tetedecom.pro\/wp-content\/uploads\/2025\/12\/2026-02-28-brussels-salsa-project-salsa-night-1766156566.jpg\",\"datePublished\":\"2025-12-19T15:02:45+00:00\",\"dateModified\":\"2026-02-12T15:41:44+00:00\",\"breadcrumb\":{\"@id\":\"https:\/\/sounds.tetedecom.pro\/nl\/jazz-concert\/brussels-salsa-project-salsa-night-3\/#breadcrumb\"},\"inLanguage\":\"nl-NL\",\"potentialAction\":[{\"@type\":\"ReadAction\",\"target\":[\"https:\/\/sounds.tetedecom.pro\/nl\/jazz-concert\/brussels-salsa-project-salsa-night-3\/\"]}]},{\"@type\":\"ImageObject\",\"inLanguage\":\"nl-NL\",\"@id\":\"https:\/\/sounds.tetedecom.pro\/nl\/jazz-concert\/brussels-salsa-project-salsa-night-3\/#primaryimage\",\"url\":\"https:\/\/sounds.tetedecom.pro\/wp-content\/uploads\/2025\/12\/2026-02-28-brussels-salsa-project-salsa-night-1766156566.jpg\",\"contentUrl\":\"https:\/\/sounds.tetedecom.pro\/wp-content\/uploads\/2025\/12\/2026-02-28-brussels-salsa-project-salsa-night-1766156566.jpg\",\"width\":1279,\"height\":1920},{\"@type\":\"BreadcrumbList\",\"@id\":\"https:\/\/sounds.tetedecom.pro\/nl\/jazz-concert\/brussels-salsa-project-salsa-night-3\/#breadcrumb\",\"itemListElement\":[{\"@type\":\"ListItem\",\"position\":1,\"name\":\"Accueil\",\"item\":\"https:\/\/sounds.tetedecom.pro\/nl\/\"},{\"@type\":\"ListItem\",\"position\":2,\"name\":\"Producten\",\"item\":\"https:\/\/sounds.tetedecom.pro\/nl\/shop\/\"},{\"@type\":\"ListItem\",\"position\":3,\"name\":\"BRUSSELS SALSA PROJECT \/ SALSA NIGHT\"}]},{\"@type\":\"WebSite\",\"@id\":\"https:\/\/sounds.tetedecom.pro\/nl\/#website\",\"url\":\"https:\/\/sounds.tetedecom.pro\/nl\/\",\"name\":\"Sounds Jazz Club\",\"description\":\"\",\"publisher\":{\"@id\":\"https:\/\/sounds.tetedecom.pro\/nl\/#organization\"},\"potentialAction\":[{\"@type\":\"SearchAction\",\"target\":{\"@type\":\"EntryPoint\",\"urlTemplate\":\"https:\/\/sounds.tetedecom.pro\/nl\/?s={search_term_string}\"},\"query-input\":{\"@type\":\"PropertyValueSpecification\",\"valueRequired\":true,\"valueName\":\"search_term_string\"}}],\"inLanguage\":\"nl-NL\"},{\"@type\":\"Organization\",\"@id\":\"https:\/\/sounds.tetedecom.pro\/nl\/#organization\",\"name\":\"Sounds Jazz Club\",\"url\":\"https:\/\/sounds.tetedecom.pro\/nl\/\",\"logo\":{\"@type\":\"ImageObject\",\"inLanguage\":\"nl-NL\",\"@id\":\"https:\/\/sounds.tetedecom.pro\/nl\/#\/schema\/logo\/image\/\",\"url\":\"https:\/\/sounds.tetedecom.pro\/wp-content\/uploads\/2023\/09\/logo-sounds-BlackRed-RGB-scaled.jpg\",\"contentUrl\":\"https:\/\/sounds.tetedecom.pro\/wp-content\/uploads\/2023\/09\/logo-sounds-BlackRed-RGB-scaled.jpg\",\"width\":2048,\"height\":1428,\"caption\":\"Sounds Jazz Club\"},\"image\":{\"@id\":\"https:\/\/sounds.tetedecom.pro\/nl\/#\/schema\/logo\/image\/\"}}]}<\/script>\n<!-- \/ Yoast SEO plugin. -->","yoast_head_json":{"title":"BRUSSELS SALSA PROJECT \/ SALSA NIGHT - Sounds Jazz Club","robots":{"index":"index","follow":"follow","max-snippet":"max-snippet:-1","max-image-preview":"max-image-preview:large","max-video-preview":"max-video-preview:-1"},"canonical":"https:\/\/sounds.tetedecom.pro\/nl\/jazz-concert\/brussels-salsa-project-salsa-night-3\/","og_locale":"nl_NL","og_type":"article","og_title":"BRUSSELS SALSA PROJECT \/ SALSA NIGHT - Sounds Jazz Club","og_description":"Jhonatan \u00c1lvarez - bass Escobar - conga Pavlo Cherniavskiy- piano Pedro Pucho - voice Rub\u00e9n Hern\u00e1ndez- Trumpet Daniel Mill\u00e1n - timbal","og_url":"https:\/\/sounds.tetedecom.pro\/nl\/jazz-concert\/brussels-salsa-project-salsa-night-3\/","og_site_name":"Sounds Jazz Club","article_modified_time":"2026-02-12T15:41:44+00:00","og_image":[{"width":1279,"height":1920,"url":"https:\/\/sounds.tetedecom.pro\/wp-content\/uploads\/2025\/12\/2026-02-28-brussels-salsa-project-salsa-night-1766156566.jpg","type":"image\/jpeg"}],"twitter_card":"summary_large_image","schema":{"@context":"https:\/\/schema.org","@graph":[{"@type":"WebPage","@id":"https:\/\/sounds.tetedecom.pro\/nl\/jazz-concert\/brussels-salsa-project-salsa-night-3\/","url":"https:\/\/sounds.tetedecom.pro\/nl\/jazz-concert\/brussels-salsa-project-salsa-night-3\/","name":"BRUSSELS SALSA PROJECT \/ SALSA NIGHT - Sounds Jazz Club","isPartOf":{"@id":"https:\/\/sounds.tetedecom.pro\/nl\/#website"},"primaryImageOfPage":{"@id":"https:\/\/sounds.tetedecom.pro\/nl\/jazz-concert\/brussels-salsa-project-salsa-night-3\/#primaryimage"},"image":{"@id":"https:\/\/sounds.tetedecom.pro\/nl\/jazz-concert\/brussels-salsa-project-salsa-night-3\/#primaryimage"},"thumbnailUrl":"https:\/\/sounds.tetedecom.pro\/wp-content\/uploads\/2025\/12\/2026-02-28-brussels-salsa-project-salsa-night-1766156566.jpg","datePublished":"2025-12-19T15:02:45+00:00","dateModified":"2026-02-12T15:41:44+00:00","breadcrumb":{"@id":"https:\/\/sounds.tetedecom.pro\/nl\/jazz-concert\/brussels-salsa-project-salsa-night-3\/#breadcrumb"},"inLanguage":"nl-NL","potentialAction":[{"@type":"ReadAction","target":["https:\/\/sounds.tetedecom.pro\/nl\/jazz-concert\/brussels-salsa-project-salsa-night-3\/"]}]},{"@type":"ImageObject","inLanguage":"nl-NL","@id":"https:\/\/sounds.tetedecom.pro\/nl\/jazz-concert\/brussels-salsa-project-salsa-night-3\/#primaryimage","url":"https:\/\/sounds.tetedecom.pro\/wp-content\/uploads\/2025\/12\/2026-02-28-brussels-salsa-project-salsa-night-1766156566.jpg","contentUrl":"https:\/\/sounds.tetedecom.pro\/wp-content\/uploads\/2025\/12\/2026-02-28-brussels-salsa-project-salsa-night-1766156566.jpg","width":1279,"height":1920},{"@type":"BreadcrumbList","@id":"https:\/\/sounds.tetedecom.pro\/nl\/jazz-concert\/brussels-salsa-project-salsa-night-3\/#breadcrumb","itemListElement":[{"@type":"ListItem","position":1,"name":"Accueil","item":"https:\/\/sounds.tetedecom.pro\/nl\/"},{"@type":"ListItem","position":2,"name":"Producten","item":"https:\/\/sounds.tetedecom.pro\/nl\/shop\/"},{"@type":"ListItem","position":3,"name":"BRUSSELS SALSA PROJECT \/ SALSA NIGHT"}]},{"@type":"WebSite","@id":"https:\/\/sounds.tetedecom.pro\/nl\/#website","url":"https:\/\/sounds.tetedecom.pro\/nl\/","name":"Sounds Jazz Club","description":"","publisher":{"@id":"https:\/\/sounds.tetedecom.pro\/nl\/#organization"},"potentialAction":[{"@type":"SearchAction","target":{"@type":"EntryPoint","urlTemplate":"https:\/\/sounds.tetedecom.pro\/nl\/?s={search_term_string}"},"query-input":{"@type":"PropertyValueSpecification","valueRequired":true,"valueName":"search_term_string"}}],"inLanguage":"nl-NL"},{"@type":"Organization","@id":"https:\/\/sounds.tetedecom.pro\/nl\/#organization","name":"Sounds Jazz Club","url":"https:\/\/sounds.tetedecom.pro\/nl\/","logo":{"@type":"ImageObject","inLanguage":"nl-NL","@id":"https:\/\/sounds.tetedecom.pro\/nl\/#\/schema\/logo\/image\/","url":"https:\/\/sounds.tetedecom.pro\/wp-content\/uploads\/2023\/09\/logo-sounds-BlackRed-RGB-scaled.jpg","contentUrl":"https:\/\/sounds.tetedecom.pro\/wp-content\/uploads\/2023\/09\/logo-sounds-BlackRed-RGB-scaled.jpg","width":2048,"height":1428,"caption":"Sounds Jazz Club"},"image":{"@id":"https:\/\/sounds.tetedecom.pro\/nl\/#\/schema\/logo\/image\/"}}]}},"_links":{"self":[{"href":"https:\/\/sounds.tetedecom.pro\/nl\/wp-json\/wp\/v2\/product\/158819","targetHints":{"allow":["GET"]}}],"collection":[{"href":"https:\/\/sounds.tetedecom.pro\/nl\/wp-json\/wp\/v2\/product"}],"about":[{"href":"https:\/\/sounds.tetedecom.pro\/nl\/wp-json\/wp\/v2\/types\/product"}],"author":[{"embeddable":true,"href":"https:\/\/sounds.tetedecom.pro\/nl\/wp-json\/wp\/v2\/users\/8382"}],"replies":[{"embeddable":true,"href":"https:\/\/sounds.tetedecom.pro\/nl\/wp-json\/wp\/v2\/comments?post=158819"}],"wp:featuredmedia":[{"embeddable":true,"href":"https:\/\/sounds.tetedecom.pro\/nl\/wp-json\/wp\/v2\/media\/158828"}],"wp:attachment":[{"href":"https:\/\/sounds.tetedecom.pro\/nl\/wp-json\/wp\/v2\/media?parent=158819"}],"wp:term":[{"taxonomy":"product_brand","embeddable":true,"href":"https:\/\/sounds.tetedecom.pro\/nl\/wp-json\/wp\/v2\/product_brand?post=158819"},{"taxonomy":"product_cat","embeddable":true,"href":"https:\/\/sounds.tetedecom.pro\/nl\/wp-json\/wp\/v2\/product_cat?post=158819"},{"taxonomy":"product_tag","embeddable":true,"href":"https:\/\/sounds.tetedecom.pro\/nl\/wp-json\/wp\/v2\/product_tag?post=158819"}],"curies":[{"name":"wp","href":"https:\/\/api.w.org\/{rel}","templated":true}]}}