{"id":158867,"date":"2025-12-19T18:25:52","date_gmt":"2025-12-19T17:25:52","guid":{"rendered":"https:\/\/sounds.tetedecom.pro\/?post_type=product&#038;p=158867"},"modified":"2026-01-20T21:37:46","modified_gmt":"2026-01-20T20:37:46","slug":"womufe-scene-ouverte-femmes-et-personnes-finta-3","status":"publish","type":"product","link":"https:\/\/sounds.tetedecom.pro\/fr\/jazz-concert\/womufe-scene-ouverte-femmes-et-personnes-finta-3\/","title":{"rendered":"WOMUFE \/ SC\u00c8NE OUVERTE FEMMES ET PERSONNES FINTA"},"content":{"rendered":"","protected":false},"excerpt":{"rendered":"<p>CECILIA PECANHA est une multi-instrumentiste, chanteuse et compositrice br\u00e9silienne qu&rsquo;habite \u00e0 Bruxelles. Son parcours passe par la musique m\u00e9dievale\/renassance\/baroque au Br\u00e9sil, Portugal et en Belgique dans le CRB &#8211; Conservatoire Royal de Bruxelles. Ainsi que par la musique br\u00e9silienne et du jazz v\u00e9cu \u00e0 UEL &#8211; Universit\u00e9 de Londrina (BR) et au CRB dans l&rsquo;\u00e9tude du jazz et de l&rsquo;improvisation libre. Son projet Blue Bossa Libert\u00e9 \u00e0 d\u00e9j\u00e0 2 albums enregistr\u00e9s, un \u00e9tait soutenu par la F\u00e9d\u00e9ration Wallonie-Bruxlles. Elle est free-lance des plusieurs projets en Belgique, Portugal, France, Br\u00e9sil. Elle travaille aussi en tant que professeur de musique et elle r\u00e9alise r\u00e9guli\u00e8rement des expositions des \u0153uvres de peinture\/lampe artistique. Cecilia joue la guitare, ma fl\u00fbte et elle chante aussi, et avec son loop station et p\u00e9dale des effets \u00e9lectriques \u00e7a sera une soir\u00e9e \u00e9lectro br\u00e9silienne.<\/p>\n<p>https:\/\/www.instagram.com\/cecilia.pecanha?utm_source=ig_web_button_share_sheet&#038;igsh=ZDNlZDc0MzIxNw==<\/p>\n","protected":false},"author":8382,"featured_media":158876,"comment_status":"closed","ping_status":"closed","template":"","meta":{"_acf_changed":false},"product_brand":[],"product_cat":[355],"product_tag":[],"class_list":{"0":"post-158867","1":"product","2":"type-product","3":"status-publish","4":"has-post-thumbnail","6":"product_cat-live-music-resist","8":"first","9":"instock","10":"shipping-taxable","11":"product-type-variable","12":"has-default-attributes","13":"nyp-product"},"acf":[],"yoast_head":"<!-- This site is optimized with the Yoast SEO plugin v26.1.1 - https:\/\/yoast.com\/wordpress\/plugins\/seo\/ -->\n<title>WOMUFE \/ SC\u00c8NE OUVERTE FEMMES ET PERSONNES FINTA - Sounds Jazz Club<\/title>\n<meta name=\"robots\" content=\"index, follow, max-snippet:-1, max-image-preview:large, max-video-preview:-1\" \/>\n<link rel=\"canonical\" href=\"https:\/\/sounds.tetedecom.pro\/fr\/jazz-concert\/womufe-scene-ouverte-femmes-et-personnes-finta-3\/\" \/>\n<meta property=\"og:locale\" content=\"fr_FR\" \/>\n<meta property=\"og:type\" content=\"article\" \/>\n<meta property=\"og:title\" content=\"WOMUFE \/ SC\u00c8NE OUVERTE FEMMES ET PERSONNES FINTA - Sounds Jazz Club\" \/>\n<meta property=\"og:description\" content=\"CECILIA PECANHA est une multi-instrumentiste, chanteuse et compositrice br\u00e9silienne qu&#039;habite \u00e0 Bruxelles. Son parcours passe par la musique m\u00e9dievale\/renassance\/baroque au Br\u00e9sil, Portugal et en Belgique dans le CRB - Conservatoire Royal de Bruxelles. Ainsi que par la musique br\u00e9silienne et du jazz v\u00e9cu \u00e0 UEL - Universit\u00e9 de Londrina (BR) et au CRB dans l&#039;\u00e9tude du jazz et de l&#039;improvisation libre. Son projet Blue Bossa Libert\u00e9 \u00e0 d\u00e9j\u00e0 2 albums enregistr\u00e9s, un \u00e9tait soutenu par la F\u00e9d\u00e9ration Wallonie-Bruxlles. Elle est free-lance des plusieurs projets en Belgique, Portugal, France, Br\u00e9sil. Elle travaille aussi en tant que professeur de musique et elle r\u00e9alise r\u00e9guli\u00e8rement des expositions des \u0153uvres de peinture\/lampe artistique. Cecilia joue la guitare, ma fl\u00fbte et elle chante aussi, et avec son loop station et p\u00e9dale des effets \u00e9lectriques \u00e7a sera une soir\u00e9e \u00e9lectro br\u00e9silienne. https:\/\/www.instagram.com\/cecilia.pecanha?utm_source=ig_web_button_share_sheet&amp;igsh=ZDNlZDc0MzIxNw==\" \/>\n<meta property=\"og:url\" content=\"https:\/\/sounds.tetedecom.pro\/fr\/jazz-concert\/womufe-scene-ouverte-femmes-et-personnes-finta-3\/\" \/>\n<meta property=\"og:site_name\" content=\"Sounds Jazz Club\" \/>\n<meta property=\"article:modified_time\" content=\"2026-01-20T20:37:46+00:00\" \/>\n<meta property=\"og:image\" content=\"https:\/\/sounds.tetedecom.pro\/wp-content\/uploads\/2025\/12\/2026-02-24-womufe-sc-ne-ouverte-femmes-et-personnes-finta-1766165153.jpg\" \/>\n\t<meta property=\"og:image:width\" content=\"1080\" \/>\n\t<meta property=\"og:image:height\" content=\"720\" \/>\n\t<meta property=\"og:image:type\" content=\"image\/jpeg\" \/>\n<meta name=\"twitter:card\" content=\"summary_large_image\" \/>\n<script type=\"application\/ld+json\" class=\"yoast-schema-graph\">{\"@context\":\"https:\/\/schema.org\",\"@graph\":[{\"@type\":\"WebPage\",\"@id\":\"https:\/\/sounds.tetedecom.pro\/fr\/jazz-concert\/womufe-scene-ouverte-femmes-et-personnes-finta-3\/\",\"url\":\"https:\/\/sounds.tetedecom.pro\/fr\/jazz-concert\/womufe-scene-ouverte-femmes-et-personnes-finta-3\/\",\"name\":\"WOMUFE \/ SC\u00c8NE OUVERTE FEMMES ET PERSONNES FINTA - Sounds Jazz Club\",\"isPartOf\":{\"@id\":\"https:\/\/sounds.tetedecom.pro\/fr\/#website\"},\"primaryImageOfPage\":{\"@id\":\"https:\/\/sounds.tetedecom.pro\/fr\/jazz-concert\/womufe-scene-ouverte-femmes-et-personnes-finta-3\/#primaryimage\"},\"image\":{\"@id\":\"https:\/\/sounds.tetedecom.pro\/fr\/jazz-concert\/womufe-scene-ouverte-femmes-et-personnes-finta-3\/#primaryimage\"},\"thumbnailUrl\":\"https:\/\/sounds.tetedecom.pro\/wp-content\/uploads\/2025\/12\/2026-02-24-womufe-sc-ne-ouverte-femmes-et-personnes-finta-1766165153.jpg\",\"datePublished\":\"2025-12-19T17:25:52+00:00\",\"dateModified\":\"2026-01-20T20:37:46+00:00\",\"breadcrumb\":{\"@id\":\"https:\/\/sounds.tetedecom.pro\/fr\/jazz-concert\/womufe-scene-ouverte-femmes-et-personnes-finta-3\/#breadcrumb\"},\"inLanguage\":\"fr-FR\",\"potentialAction\":[{\"@type\":\"ReadAction\",\"target\":[\"https:\/\/sounds.tetedecom.pro\/fr\/jazz-concert\/womufe-scene-ouverte-femmes-et-personnes-finta-3\/\"]}]},{\"@type\":\"ImageObject\",\"inLanguage\":\"fr-FR\",\"@id\":\"https:\/\/sounds.tetedecom.pro\/fr\/jazz-concert\/womufe-scene-ouverte-femmes-et-personnes-finta-3\/#primaryimage\",\"url\":\"https:\/\/sounds.tetedecom.pro\/wp-content\/uploads\/2025\/12\/2026-02-24-womufe-sc-ne-ouverte-femmes-et-personnes-finta-1766165153.jpg\",\"contentUrl\":\"https:\/\/sounds.tetedecom.pro\/wp-content\/uploads\/2025\/12\/2026-02-24-womufe-sc-ne-ouverte-femmes-et-personnes-finta-1766165153.jpg\",\"width\":1080,\"height\":720},{\"@type\":\"BreadcrumbList\",\"@id\":\"https:\/\/sounds.tetedecom.pro\/fr\/jazz-concert\/womufe-scene-ouverte-femmes-et-personnes-finta-3\/#breadcrumb\",\"itemListElement\":[{\"@type\":\"ListItem\",\"position\":1,\"name\":\"Accueil\",\"item\":\"https:\/\/sounds.tetedecom.pro\/fr\/\"},{\"@type\":\"ListItem\",\"position\":2,\"name\":\"Produits\",\"item\":\"https:\/\/sounds.tetedecom.pro\/fr\/shop\/\"},{\"@type\":\"ListItem\",\"position\":3,\"name\":\"WOMUFE \/ SC\u00c8NE OUVERTE FEMMES ET PERSONNES FINTA\"}]},{\"@type\":\"WebSite\",\"@id\":\"https:\/\/sounds.tetedecom.pro\/fr\/#website\",\"url\":\"https:\/\/sounds.tetedecom.pro\/fr\/\",\"name\":\"Sounds Jazz Club\",\"description\":\"\",\"publisher\":{\"@id\":\"https:\/\/sounds.tetedecom.pro\/fr\/#organization\"},\"potentialAction\":[{\"@type\":\"SearchAction\",\"target\":{\"@type\":\"EntryPoint\",\"urlTemplate\":\"https:\/\/sounds.tetedecom.pro\/fr\/?s={search_term_string}\"},\"query-input\":{\"@type\":\"PropertyValueSpecification\",\"valueRequired\":true,\"valueName\":\"search_term_string\"}}],\"inLanguage\":\"fr-FR\"},{\"@type\":\"Organization\",\"@id\":\"https:\/\/sounds.tetedecom.pro\/fr\/#organization\",\"name\":\"Sounds Jazz Club\",\"url\":\"https:\/\/sounds.tetedecom.pro\/fr\/\",\"logo\":{\"@type\":\"ImageObject\",\"inLanguage\":\"fr-FR\",\"@id\":\"https:\/\/sounds.tetedecom.pro\/fr\/#\/schema\/logo\/image\/\",\"url\":\"https:\/\/sounds.tetedecom.pro\/wp-content\/uploads\/2023\/09\/logo-sounds-BlackRed-RGB-scaled.jpg\",\"contentUrl\":\"https:\/\/sounds.tetedecom.pro\/wp-content\/uploads\/2023\/09\/logo-sounds-BlackRed-RGB-scaled.jpg\",\"width\":2048,\"height\":1428,\"caption\":\"Sounds Jazz Club\"},\"image\":{\"@id\":\"https:\/\/sounds.tetedecom.pro\/fr\/#\/schema\/logo\/image\/\"}}]}<\/script>\n<!-- \/ Yoast SEO plugin. -->","yoast_head_json":{"title":"WOMUFE \/ SC\u00c8NE OUVERTE FEMMES ET PERSONNES FINTA - Sounds Jazz Club","robots":{"index":"index","follow":"follow","max-snippet":"max-snippet:-1","max-image-preview":"max-image-preview:large","max-video-preview":"max-video-preview:-1"},"canonical":"https:\/\/sounds.tetedecom.pro\/fr\/jazz-concert\/womufe-scene-ouverte-femmes-et-personnes-finta-3\/","og_locale":"fr_FR","og_type":"article","og_title":"WOMUFE \/ SC\u00c8NE OUVERTE FEMMES ET PERSONNES FINTA - Sounds Jazz Club","og_description":"CECILIA PECANHA est une multi-instrumentiste, chanteuse et compositrice br\u00e9silienne qu'habite \u00e0 Bruxelles. Son parcours passe par la musique m\u00e9dievale\/renassance\/baroque au Br\u00e9sil, Portugal et en Belgique dans le CRB - Conservatoire Royal de Bruxelles. Ainsi que par la musique br\u00e9silienne et du jazz v\u00e9cu \u00e0 UEL - Universit\u00e9 de Londrina (BR) et au CRB dans l'\u00e9tude du jazz et de l'improvisation libre. Son projet Blue Bossa Libert\u00e9 \u00e0 d\u00e9j\u00e0 2 albums enregistr\u00e9s, un \u00e9tait soutenu par la F\u00e9d\u00e9ration Wallonie-Bruxlles. Elle est free-lance des plusieurs projets en Belgique, Portugal, France, Br\u00e9sil. Elle travaille aussi en tant que professeur de musique et elle r\u00e9alise r\u00e9guli\u00e8rement des expositions des \u0153uvres de peinture\/lampe artistique. Cecilia joue la guitare, ma fl\u00fbte et elle chante aussi, et avec son loop station et p\u00e9dale des effets \u00e9lectriques \u00e7a sera une soir\u00e9e \u00e9lectro br\u00e9silienne. https:\/\/www.instagram.com\/cecilia.pecanha?utm_source=ig_web_button_share_sheet&igsh=ZDNlZDc0MzIxNw==","og_url":"https:\/\/sounds.tetedecom.pro\/fr\/jazz-concert\/womufe-scene-ouverte-femmes-et-personnes-finta-3\/","og_site_name":"Sounds Jazz Club","article_modified_time":"2026-01-20T20:37:46+00:00","og_image":[{"width":1080,"height":720,"url":"https:\/\/sounds.tetedecom.pro\/wp-content\/uploads\/2025\/12\/2026-02-24-womufe-sc-ne-ouverte-femmes-et-personnes-finta-1766165153.jpg","type":"image\/jpeg"}],"twitter_card":"summary_large_image","schema":{"@context":"https:\/\/schema.org","@graph":[{"@type":"WebPage","@id":"https:\/\/sounds.tetedecom.pro\/fr\/jazz-concert\/womufe-scene-ouverte-femmes-et-personnes-finta-3\/","url":"https:\/\/sounds.tetedecom.pro\/fr\/jazz-concert\/womufe-scene-ouverte-femmes-et-personnes-finta-3\/","name":"WOMUFE \/ SC\u00c8NE OUVERTE FEMMES ET PERSONNES FINTA - Sounds Jazz Club","isPartOf":{"@id":"https:\/\/sounds.tetedecom.pro\/fr\/#website"},"primaryImageOfPage":{"@id":"https:\/\/sounds.tetedecom.pro\/fr\/jazz-concert\/womufe-scene-ouverte-femmes-et-personnes-finta-3\/#primaryimage"},"image":{"@id":"https:\/\/sounds.tetedecom.pro\/fr\/jazz-concert\/womufe-scene-ouverte-femmes-et-personnes-finta-3\/#primaryimage"},"thumbnailUrl":"https:\/\/sounds.tetedecom.pro\/wp-content\/uploads\/2025\/12\/2026-02-24-womufe-sc-ne-ouverte-femmes-et-personnes-finta-1766165153.jpg","datePublished":"2025-12-19T17:25:52+00:00","dateModified":"2026-01-20T20:37:46+00:00","breadcrumb":{"@id":"https:\/\/sounds.tetedecom.pro\/fr\/jazz-concert\/womufe-scene-ouverte-femmes-et-personnes-finta-3\/#breadcrumb"},"inLanguage":"fr-FR","potentialAction":[{"@type":"ReadAction","target":["https:\/\/sounds.tetedecom.pro\/fr\/jazz-concert\/womufe-scene-ouverte-femmes-et-personnes-finta-3\/"]}]},{"@type":"ImageObject","inLanguage":"fr-FR","@id":"https:\/\/sounds.tetedecom.pro\/fr\/jazz-concert\/womufe-scene-ouverte-femmes-et-personnes-finta-3\/#primaryimage","url":"https:\/\/sounds.tetedecom.pro\/wp-content\/uploads\/2025\/12\/2026-02-24-womufe-sc-ne-ouverte-femmes-et-personnes-finta-1766165153.jpg","contentUrl":"https:\/\/sounds.tetedecom.pro\/wp-content\/uploads\/2025\/12\/2026-02-24-womufe-sc-ne-ouverte-femmes-et-personnes-finta-1766165153.jpg","width":1080,"height":720},{"@type":"BreadcrumbList","@id":"https:\/\/sounds.tetedecom.pro\/fr\/jazz-concert\/womufe-scene-ouverte-femmes-et-personnes-finta-3\/#breadcrumb","itemListElement":[{"@type":"ListItem","position":1,"name":"Accueil","item":"https:\/\/sounds.tetedecom.pro\/fr\/"},{"@type":"ListItem","position":2,"name":"Produits","item":"https:\/\/sounds.tetedecom.pro\/fr\/shop\/"},{"@type":"ListItem","position":3,"name":"WOMUFE \/ SC\u00c8NE OUVERTE FEMMES ET PERSONNES FINTA"}]},{"@type":"WebSite","@id":"https:\/\/sounds.tetedecom.pro\/fr\/#website","url":"https:\/\/sounds.tetedecom.pro\/fr\/","name":"Sounds Jazz Club","description":"","publisher":{"@id":"https:\/\/sounds.tetedecom.pro\/fr\/#organization"},"potentialAction":[{"@type":"SearchAction","target":{"@type":"EntryPoint","urlTemplate":"https:\/\/sounds.tetedecom.pro\/fr\/?s={search_term_string}"},"query-input":{"@type":"PropertyValueSpecification","valueRequired":true,"valueName":"search_term_string"}}],"inLanguage":"fr-FR"},{"@type":"Organization","@id":"https:\/\/sounds.tetedecom.pro\/fr\/#organization","name":"Sounds Jazz Club","url":"https:\/\/sounds.tetedecom.pro\/fr\/","logo":{"@type":"ImageObject","inLanguage":"fr-FR","@id":"https:\/\/sounds.tetedecom.pro\/fr\/#\/schema\/logo\/image\/","url":"https:\/\/sounds.tetedecom.pro\/wp-content\/uploads\/2023\/09\/logo-sounds-BlackRed-RGB-scaled.jpg","contentUrl":"https:\/\/sounds.tetedecom.pro\/wp-content\/uploads\/2023\/09\/logo-sounds-BlackRed-RGB-scaled.jpg","width":2048,"height":1428,"caption":"Sounds Jazz Club"},"image":{"@id":"https:\/\/sounds.tetedecom.pro\/fr\/#\/schema\/logo\/image\/"}}]}},"_links":{"self":[{"href":"https:\/\/sounds.tetedecom.pro\/fr\/wp-json\/wp\/v2\/product\/158867","targetHints":{"allow":["GET"]}}],"collection":[{"href":"https:\/\/sounds.tetedecom.pro\/fr\/wp-json\/wp\/v2\/product"}],"about":[{"href":"https:\/\/sounds.tetedecom.pro\/fr\/wp-json\/wp\/v2\/types\/product"}],"author":[{"embeddable":true,"href":"https:\/\/sounds.tetedecom.pro\/fr\/wp-json\/wp\/v2\/users\/8382"}],"replies":[{"embeddable":true,"href":"https:\/\/sounds.tetedecom.pro\/fr\/wp-json\/wp\/v2\/comments?post=158867"}],"wp:featuredmedia":[{"embeddable":true,"href":"https:\/\/sounds.tetedecom.pro\/fr\/wp-json\/wp\/v2\/media\/158876"}],"wp:attachment":[{"href":"https:\/\/sounds.tetedecom.pro\/fr\/wp-json\/wp\/v2\/media?parent=158867"}],"wp:term":[{"taxonomy":"product_brand","embeddable":true,"href":"https:\/\/sounds.tetedecom.pro\/fr\/wp-json\/wp\/v2\/product_brand?post=158867"},{"taxonomy":"product_cat","embeddable":true,"href":"https:\/\/sounds.tetedecom.pro\/fr\/wp-json\/wp\/v2\/product_cat?post=158867"},{"taxonomy":"product_tag","embeddable":true,"href":"https:\/\/sounds.tetedecom.pro\/fr\/wp-json\/wp\/v2\/product_tag?post=158867"}],"curies":[{"name":"wp","href":"https:\/\/api.w.org\/{rel}","templated":true}]}}