{"id":88078,"date":"2022-06-28T11:05:02","date_gmt":"2022-06-28T09:05:02","guid":{"rendered":"https:\/\/sounds.tetedecom.pro\/?page_id=88078"},"modified":"2022-06-28T11:05:02","modified_gmt":"2022-06-28T09:05:02","slug":"conditions-generales-de-vente","status":"publish","type":"page","link":"https:\/\/sounds.tetedecom.pro\/fr\/conditions-generales-de-vente\/","title":{"rendered":"Conditions g\u00e9n\u00e9rales de vente"},"content":{"rendered":"<div class=\"wpb-content-wrapper\"><p>[vc_row][vc_column width=\u00a0\u00bb1\/1&Prime;][vc_custom_heading uncode_shortcode_id=\u00a0\u00bb177239&Prime;]CONDITIONS G\u00c9N\u00c9RALES DE VENTES[\/vc_custom_heading][\/vc_column][\/vc_row][vc_row][vc_column width=\u00a0\u00bb1\/1&Prime;][vc_column_text uncode_shortcode_id=\u00a0\u00bb514426&Prime;]Les billets sont \u00e0 pr\u00e9senter sur demande en format papier ou en format \u00e9lectronique. Ils ne seront ni \u00e9chang\u00e9s, ni rembours\u00e9s.<\/p>\n<p>Le d\u00e9tenteur du billet assiste, sous sa propre responsabilit\u00e9, au concert auquel ce billet donne acc\u00e8s. Par l\u2019achat du billet, le d\u00e9tenteur renonce \u00e0 tout recours \u00e0 l\u2019encontre de l\u2019organisateur et ce, pour quelque dommage que ce soit.<\/p>\n<p>Toutes les donn\u00e9es personnelles figurant dans notre fichier sont conformes aux dispositions de la loi du 30\/07\/2018 relative \u00e0 la protection des personnes physiques \u00e0 l\u2019\u00e9gard des traitements de donn\u00e9es \u00e0 caract\u00e8re personnel et du r\u00e8glement europ\u00e9en 2016\/679.<\/p>\n<p>Toute falsification du billet achet\u00e9 par le d\u00e9tenteur expose ce dernier \u00e0 des poursuites judiciaires.<\/p>\n<p>Les spectacles et concerts organis\u00e9s par Sounds Live (Sounds Jazz Club) au Sounds commencent \u00e0 l\u2019heure pr\u00e9cise, mentionn\u00e9e sur les billets.<\/p>\n<p>Apr\u00e8s paiement, aucun droit de r\u00e9tractation n\u2019est d\u2019application.<\/p>\n<p>Les activit\u00e9s peuvent subir des modifications pour des raisons ind\u00e9pendantes de la volont\u00e9 de l\u2019ASBL Sounds Live. L\u2019organisateur se r\u00e9serve le droit de modifier la date, l\u2019heure et lieu d\u2019une activit\u00e9 et\/ou d\u2019adapter le contenu du programme. Dans la mesure du possible les personnes qui ont achet\u00e9 des billets sont averties pr\u00e9alablement. L\u2019ASBL Sounds Live sugg\u00e8re toutefois de consulter le site web le jour m\u00eame de l\u2019activit\u00e9 pour acter les modifications \u00e9ventuelles. En cas de modification, les billets ne sont ni rembours\u00e9s, ni \u00e9chang\u00e9s.<\/p>\n<p>En cas de retard, l\u2019entr\u00e9e au concert ne pourra pas \u00eatre garantie. Les places non r\u00e9clam\u00e9es \u00e0 l\u2019heure du concert pourront \u00eatre remises en vente. La personne ne peut, dans ce cas, demander aucun d\u00e9dommagement pour n\u2019avoir pu participer au concert et ce, tant totalement que partiellement.<\/p>\n<p>L\u2019achat d\u2019un billet ne permet pas \u00e0 son d\u00e9tenteur de mettre la responsabilit\u00e9 de l\u2019asbl Sounds Live en cause en cas d\u2019incident. Aucun paiement de dommages et int\u00e9r\u00eats ne pourra \u00eatre exig\u00e9.[\/vc_column_text][\/vc_column][\/vc_row]<\/p>\n<\/div>","protected":false},"excerpt":{"rendered":"<p>[vc_row][vc_column width=\u00a0\u00bb1\/1&Prime;][vc_custom_heading uncode_shortcode_id=\u00a0\u00bb177239&Prime;]CONDITIONS G\u00c9N\u00c9RALES DE VENTES[\/vc_custom_heading][\/vc_column][\/vc_row][vc_row][vc_column width=\u00a0\u00bb1\/1&Prime;][vc_column_text uncode_shortcode_id=\u00a0\u00bb514426&Prime;]Les billets sont \u00e0 pr\u00e9senter sur demande en format papier ou en format [&hellip;]<\/p>\n","protected":false},"author":1,"featured_media":0,"parent":0,"menu_order":0,"comment_status":"closed","ping_status":"closed","template":"","meta":{"_acf_changed":false,"footnotes":""},"class_list":["post-88078","page","type-page","status-publish","hentry"],"acf":[],"yoast_head":"<!-- This site is optimized with the Yoast SEO plugin v26.1.1 - https:\/\/yoast.com\/wordpress\/plugins\/seo\/ -->\n<title>Conditions g\u00e9n\u00e9rales de vente - Sounds Jazz Club<\/title>\n<meta name=\"robots\" content=\"noindex, follow\" \/>\n<meta property=\"og:locale\" content=\"fr_FR\" \/>\n<meta property=\"og:type\" content=\"article\" \/>\n<meta property=\"og:title\" content=\"Conditions g\u00e9n\u00e9rales de vente - Sounds Jazz Club\" \/>\n<meta property=\"og:description\" content=\"[vc_row][vc_column width=\u00a0\u00bb1\/1&Prime;][vc_custom_heading uncode_shortcode_id=\u00a0\u00bb177239&Prime;]CONDITIONS G\u00c9N\u00c9RALES DE VENTES[\/vc_custom_heading][\/vc_column][\/vc_row][vc_row][vc_column width=\u00a0\u00bb1\/1&Prime;][vc_column_text uncode_shortcode_id=\u00a0\u00bb514426&Prime;]Les billets sont \u00e0 pr\u00e9senter sur demande en format papier ou en format [&hellip;]\" \/>\n<meta property=\"og:url\" content=\"https:\/\/sounds.tetedecom.pro\/fr\/conditions-generales-de-vente\/\" \/>\n<meta property=\"og:site_name\" content=\"Sounds Jazz Club\" \/>\n<meta name=\"twitter:card\" content=\"summary_large_image\" \/>\n<meta name=\"twitter:label1\" content=\"Dur\u00e9e de lecture estim\u00e9e\" \/>\n\t<meta name=\"twitter:data1\" content=\"2 minutes\" \/>\n<script type=\"application\/ld+json\" class=\"yoast-schema-graph\">{\"@context\":\"https:\/\/schema.org\",\"@graph\":[{\"@type\":\"WebPage\",\"@id\":\"https:\/\/sounds.tetedecom.pro\/fr\/conditions-generales-de-vente\/\",\"url\":\"https:\/\/sounds.tetedecom.pro\/fr\/conditions-generales-de-vente\/\",\"name\":\"Conditions g\u00e9n\u00e9rales de vente - Sounds Jazz Club\",\"isPartOf\":{\"@id\":\"https:\/\/sounds.tetedecom.pro\/fr\/#website\"},\"datePublished\":\"2022-06-28T09:05:02+00:00\",\"breadcrumb\":{\"@id\":\"https:\/\/sounds.tetedecom.pro\/fr\/conditions-generales-de-vente\/#breadcrumb\"},\"inLanguage\":\"fr-FR\",\"potentialAction\":[{\"@type\":\"ReadAction\",\"target\":[\"https:\/\/sounds.tetedecom.pro\/fr\/conditions-generales-de-vente\/\"]}]},{\"@type\":\"BreadcrumbList\",\"@id\":\"https:\/\/sounds.tetedecom.pro\/fr\/conditions-generales-de-vente\/#breadcrumb\",\"itemListElement\":[{\"@type\":\"ListItem\",\"position\":1,\"name\":\"Accueil\",\"item\":\"https:\/\/sounds.tetedecom.pro\/fr\/\"},{\"@type\":\"ListItem\",\"position\":2,\"name\":\"Conditions g\u00e9n\u00e9rales de vente\"}]},{\"@type\":\"WebSite\",\"@id\":\"https:\/\/sounds.tetedecom.pro\/fr\/#website\",\"url\":\"https:\/\/sounds.tetedecom.pro\/fr\/\",\"name\":\"Sounds Jazz Club\",\"description\":\"\",\"publisher\":{\"@id\":\"https:\/\/sounds.tetedecom.pro\/fr\/#organization\"},\"potentialAction\":[{\"@type\":\"SearchAction\",\"target\":{\"@type\":\"EntryPoint\",\"urlTemplate\":\"https:\/\/sounds.tetedecom.pro\/fr\/?s={search_term_string}\"},\"query-input\":{\"@type\":\"PropertyValueSpecification\",\"valueRequired\":true,\"valueName\":\"search_term_string\"}}],\"inLanguage\":\"fr-FR\"},{\"@type\":\"Organization\",\"@id\":\"https:\/\/sounds.tetedecom.pro\/fr\/#organization\",\"name\":\"Sounds Jazz Club\",\"url\":\"https:\/\/sounds.tetedecom.pro\/fr\/\",\"logo\":{\"@type\":\"ImageObject\",\"inLanguage\":\"fr-FR\",\"@id\":\"https:\/\/sounds.tetedecom.pro\/fr\/#\/schema\/logo\/image\/\",\"url\":\"https:\/\/sounds.tetedecom.pro\/wp-content\/uploads\/2023\/09\/logo-sounds-BlackRed-RGB-scaled.jpg\",\"contentUrl\":\"https:\/\/sounds.tetedecom.pro\/wp-content\/uploads\/2023\/09\/logo-sounds-BlackRed-RGB-scaled.jpg\",\"width\":2048,\"height\":1428,\"caption\":\"Sounds Jazz Club\"},\"image\":{\"@id\":\"https:\/\/sounds.tetedecom.pro\/fr\/#\/schema\/logo\/image\/\"}}]}<\/script>\n<!-- \/ Yoast SEO plugin. -->","yoast_head_json":{"title":"Conditions g\u00e9n\u00e9rales de vente - Sounds Jazz Club","robots":{"index":"noindex","follow":"follow"},"og_locale":"fr_FR","og_type":"article","og_title":"Conditions g\u00e9n\u00e9rales de vente - Sounds Jazz Club","og_description":"[vc_row][vc_column width=\u00a0\u00bb1\/1&Prime;][vc_custom_heading uncode_shortcode_id=\u00a0\u00bb177239&Prime;]CONDITIONS G\u00c9N\u00c9RALES DE VENTES[\/vc_custom_heading][\/vc_column][\/vc_row][vc_row][vc_column width=\u00a0\u00bb1\/1&Prime;][vc_column_text uncode_shortcode_id=\u00a0\u00bb514426&Prime;]Les billets sont \u00e0 pr\u00e9senter sur demande en format papier ou en format [&hellip;]","og_url":"https:\/\/sounds.tetedecom.pro\/fr\/conditions-generales-de-vente\/","og_site_name":"Sounds Jazz Club","twitter_card":"summary_large_image","twitter_misc":{"Dur\u00e9e de lecture estim\u00e9e":"2 minutes"},"schema":{"@context":"https:\/\/schema.org","@graph":[{"@type":"WebPage","@id":"https:\/\/sounds.tetedecom.pro\/fr\/conditions-generales-de-vente\/","url":"https:\/\/sounds.tetedecom.pro\/fr\/conditions-generales-de-vente\/","name":"Conditions g\u00e9n\u00e9rales de vente - Sounds Jazz Club","isPartOf":{"@id":"https:\/\/sounds.tetedecom.pro\/fr\/#website"},"datePublished":"2022-06-28T09:05:02+00:00","breadcrumb":{"@id":"https:\/\/sounds.tetedecom.pro\/fr\/conditions-generales-de-vente\/#breadcrumb"},"inLanguage":"fr-FR","potentialAction":[{"@type":"ReadAction","target":["https:\/\/sounds.tetedecom.pro\/fr\/conditions-generales-de-vente\/"]}]},{"@type":"BreadcrumbList","@id":"https:\/\/sounds.tetedecom.pro\/fr\/conditions-generales-de-vente\/#breadcrumb","itemListElement":[{"@type":"ListItem","position":1,"name":"Accueil","item":"https:\/\/sounds.tetedecom.pro\/fr\/"},{"@type":"ListItem","position":2,"name":"Conditions g\u00e9n\u00e9rales de vente"}]},{"@type":"WebSite","@id":"https:\/\/sounds.tetedecom.pro\/fr\/#website","url":"https:\/\/sounds.tetedecom.pro\/fr\/","name":"Sounds Jazz Club","description":"","publisher":{"@id":"https:\/\/sounds.tetedecom.pro\/fr\/#organization"},"potentialAction":[{"@type":"SearchAction","target":{"@type":"EntryPoint","urlTemplate":"https:\/\/sounds.tetedecom.pro\/fr\/?s={search_term_string}"},"query-input":{"@type":"PropertyValueSpecification","valueRequired":true,"valueName":"search_term_string"}}],"inLanguage":"fr-FR"},{"@type":"Organization","@id":"https:\/\/sounds.tetedecom.pro\/fr\/#organization","name":"Sounds Jazz Club","url":"https:\/\/sounds.tetedecom.pro\/fr\/","logo":{"@type":"ImageObject","inLanguage":"fr-FR","@id":"https:\/\/sounds.tetedecom.pro\/fr\/#\/schema\/logo\/image\/","url":"https:\/\/sounds.tetedecom.pro\/wp-content\/uploads\/2023\/09\/logo-sounds-BlackRed-RGB-scaled.jpg","contentUrl":"https:\/\/sounds.tetedecom.pro\/wp-content\/uploads\/2023\/09\/logo-sounds-BlackRed-RGB-scaled.jpg","width":2048,"height":1428,"caption":"Sounds Jazz Club"},"image":{"@id":"https:\/\/sounds.tetedecom.pro\/fr\/#\/schema\/logo\/image\/"}}]}},"_links":{"self":[{"href":"https:\/\/sounds.tetedecom.pro\/fr\/wp-json\/wp\/v2\/pages\/88078","targetHints":{"allow":["GET"]}}],"collection":[{"href":"https:\/\/sounds.tetedecom.pro\/fr\/wp-json\/wp\/v2\/pages"}],"about":[{"href":"https:\/\/sounds.tetedecom.pro\/fr\/wp-json\/wp\/v2\/types\/page"}],"author":[{"embeddable":true,"href":"https:\/\/sounds.tetedecom.pro\/fr\/wp-json\/wp\/v2\/users\/1"}],"replies":[{"embeddable":true,"href":"https:\/\/sounds.tetedecom.pro\/fr\/wp-json\/wp\/v2\/comments?post=88078"}],"version-history":[{"count":4,"href":"https:\/\/sounds.tetedecom.pro\/fr\/wp-json\/wp\/v2\/pages\/88078\/revisions"}],"predecessor-version":[{"id":96855,"href":"https:\/\/sounds.tetedecom.pro\/fr\/wp-json\/wp\/v2\/pages\/88078\/revisions\/96855"}],"wp:attachment":[{"href":"https:\/\/sounds.tetedecom.pro\/fr\/wp-json\/wp\/v2\/media?parent=88078"}],"curies":[{"name":"wp","href":"https:\/\/api.w.org\/{rel}","templated":true}]}}