{"id":85979,"date":"2021-10-31T10:13:42","date_gmt":"2021-10-31T09:13:42","guid":{"rendered":"https:\/\/sounds.tetedecom.pro\/contact\/"},"modified":"2024-08-02T18:38:15","modified_gmt":"2024-08-02T16:38:15","slug":"contact","status":"publish","type":"page","link":"https:\/\/sounds.tetedecom.pro\/fr\/contact\/","title":{"rendered":"Contact"},"content":{"rendered":"<div class=\"wpb-content-wrapper\"><p>[vc_row unlock_row_content=\u00a0\u00bbyes\u00a0\u00bb row_height_percent=\u00a0\u00bb55&Prime; override_padding=\u00a0\u00bbyes\u00a0\u00bb h_padding=\u00a0\u00bb0&Prime; top_padding=\u00a0\u00bb0&Prime; bottom_padding=\u00a0\u00bb0&Prime; overlay_alpha=\u00a0\u00bb50&Prime; equal_height=\u00a0\u00bbyes\u00a0\u00bb gutter_size=\u00a0\u00bb0&Prime; column_width_percent=\u00a0\u00bb100&Prime; shift_y=\u00a0\u00bb0&Prime; z_index=\u00a0\u00bb0&Prime; el_class=\u00a0\u00bbinverted-device-order\u00a0\u00bb][vc_column column_width_use_pixel=\u00a0\u00bbyes\u00a0\u00bb position_vertical=\u00a0\u00bbmiddle\u00a0\u00bb gutter_size=\u00a0\u00bb3&Prime; override_padding=\u00a0\u00bbyes\u00a0\u00bb column_padding=\u00a0\u00bb5&Prime; overlay_alpha=\u00a0\u00bb50&Prime; shift_x=\u00a0\u00bb0&Prime; shift_y=\u00a0\u00bb0&Prime; shift_y_down=\u00a0\u00bb0&Prime; z_index=\u00a0\u00bb0&Prime; medium_width=\u00a0\u00bb0&Prime; mobile_width=\u00a0\u00bb0&Prime; width=\u00a0\u00bb1\/2&Prime; column_width_pixel=\u00a0\u00bb600&Prime;][vc_row_inner][vc_column_inner column_width_percent=\u00a0\u00bb100&Prime; gutter_size=\u00a0\u00bb2&Prime; overlay_alpha=\u00a0\u00bb50&Prime; shift_x=\u00a0\u00bb0&Prime; shift_y=\u00a0\u00bb0&Prime; shift_y_down=\u00a0\u00bb0&Prime; z_index=\u00a0\u00bb0&Prime; medium_width=\u00a0\u00bb0&Prime; mobile_width=\u00a0\u00bb0&Prime; width=\u00a0\u00bb1\/1&Prime;][vc_custom_heading heading_semantic=\u00a0\u00bbh3&Prime;]INFORMATIONS &amp; CONTACT[\/vc_custom_heading][\/vc_column_inner][\/vc_row_inner][vc_row_inner][vc_column_inner column_width_percent=\u00a0\u00bb100&Prime; gutter_size=\u00a0\u00bb2&Prime; overlay_alpha=\u00a0\u00bb50&Prime; shift_x=\u00a0\u00bb0&Prime; shift_y=\u00a0\u00bb0&Prime; shift_y_down=\u00a0\u00bb0&Prime; z_index=\u00a0\u00bb0&Prime; medium_width=\u00a0\u00bb0&Prime; mobile_width=\u00a0\u00bb0&Prime; width=\u00a0\u00bb1\/1&Prime;][vc_icon position=\u00a0\u00bbleft\u00a0\u00bb icon=\u00a0\u00bbfa fa-clock2&Prime; size=\u00a0\u00bbfa-2x\u00a0\u00bb text_font=\u00a0\u00bbfont-182956&Prime; text_size=\u00a0\u00bbh6&Prime; title=\u00a0\u00bbOPENING\u00a0\u00bb uncode_shortcode_id=\u00a0\u00bb838218&Prime;]Le Sounds Jazz Club propose des concerts du mercredi au vendredi.<br \/>\n(Ouverture des portes \u00e0 18h30 jusqu&rsquo;\u00e0 tard).<br \/>\n<span style=\"font-weight: 400;\">Le prix des billets varie en fonction de l&rsquo;\u00e9v\u00e9nement. Veuillez consulter notre agenda pour plus de d\u00e9tails.<br \/>\n<\/span><span style=\"font-weight: 400;\">Par respect pour nos voisins, il n\u2019est pas possible de rester devant le Sounds apr\u00e8s 22 heures. Nous disposons d\u2019un agr\u00e9able jardin int\u00e9rieur pour votre plaisir.<br \/>\n<\/span><span style=\"font-weight: 400;\">Des r\u00e9servations sont possibles pour certains \u00e9v\u00e9nements. <a href=\"\/contact\">Veuillez remplir le formulaire<\/a>.<\/span>[\/vc_icon][vc_icon position=\u00a0\u00bbleft\u00a0\u00bb icon=\u00a0\u00bbfa fa-map-marker2&Prime; size=\u00a0\u00bbfa-2x\u00a0\u00bb text_font=\u00a0\u00bbfont-182956&Prime; text_size=\u00a0\u00bbh6&Prime; title=\u00a0\u00bbRue de la tulipe 28, 1050 Ixelles\u00a0\u00bb][\/vc_icon][vc_icon position=\u00a0\u00bbleft\u00a0\u00bb icon=\u00a0\u00bbfa fa-bus2&Prime; size=\u00a0\u00bbfa-2x\u00a0\u00bb text_font=\u00a0\u00bbfont-182956&Prime; text_size=\u00a0\u00bbh6&Prime; title=\u00a0\u00bbPUBLIC TRANSPORT\u00a0\u00bb]Lignes <strong>34<\/strong>, <strong>38<\/strong> ,<strong>80<\/strong> ,<strong>95<\/strong> Arr\u00eat <strong>IDALIE <\/strong>(1 minute \u00e0 pied)<strong><br \/>\n<\/strong>Lignes <strong>71<\/strong> and <strong>54<\/strong> Arr\u00eat <strong>FERNAND COQ <\/strong>(1 minute \u00e0 pied)<br \/>\n5 minutes \u00e0 pied depuis Metro Porte de Namur, 5 \u00e0 pied depuis Place Flagey[\/vc_icon][\/vc_column_inner][\/vc_row_inner][vc_row_inner][vc_column_inner column_width_percent=\u00a0\u00bb100&Prime; gutter_size=\u00a0\u00bb2&Prime; overlay_alpha=\u00a0\u00bb50&Prime; shift_x=\u00a0\u00bb0&Prime; shift_y=\u00a0\u00bb0&Prime; shift_y_down=\u00a0\u00bb0&Prime; z_index=\u00a0\u00bb0&Prime; medium_width=\u00a0\u00bb0&Prime; mobile_width=\u00a0\u00bb0&Prime; width=\u00a0\u00bb1\/1&Prime;][vc_separator sep_color=\u00a0\u00bb,Default\u00a0\u00bb][vc_empty_space empty_h=\u00a0\u00bb1&Prime;][vc_custom_heading heading_semantic=\u00a0\u00bbh3&Prime; sub_lead=\u00a0\u00bbyes\u00a0\u00bb sub_reduced=\u00a0\u00bbyes\u00a0\u00bb uncode_shortcode_id=\u00a0\u00bb135447&Prime; subheading=\u00a0\u00bbPlease read our FAQ before contacting us!\u00a0\u00bb]ANY QUESTIONS ?[\/vc_custom_heading][\/vc_column_inner][\/vc_row_inner][vc_row_inner][vc_column_inner column_width_percent=\u00a0\u00bb100&Prime; gutter_size=\u00a0\u00bb2&Prime; overlay_alpha=\u00a0\u00bb50&Prime; shift_x=\u00a0\u00bb0&Prime; shift_y=\u00a0\u00bb0&Prime; shift_y_down=\u00a0\u00bb0&Prime; z_index=\u00a0\u00bb0&Prime; medium_width=\u00a0\u00bb0&Prime; mobile_width=\u00a0\u00bb0&Prime; width=\u00a0\u00bb1\/1&Prime; uncode_shortcode_id=\u00a0\u00bb204470&Prime;][vc_button size=\u00a0\u00bbbtn-sm\u00a0\u00bb radius=\u00a0\u00bbbtn-round\u00a0\u00bb border_width=\u00a0\u00bb0&Prime; display=\u00a0\u00bbinline\u00a0\u00bb scale_mobile=\u00a0\u00bbno\u00a0\u00bb link=\u00a0\u00bburl:https%3A%2F%2Fsounds.tetedecom.pro%2Ffr%2Ffaq%2F|title:FAQ\u00a0\u00bb uncode_shortcode_id=\u00a0\u00bb109113&Prime; el_class=\u00a0\u00bbfaq-bt\u00a0\u00bb]FAQ[\/vc_button][vc_raw_html el_class=\u00a0\u00bbbtn-container btn-inline\u00a0\u00bb]JTNDYnV0dG9uJTIwZGF0YS10Zi1zbGlkZXIlM0QlMjJqOWpjRDFTRiUyMiUyMGRhdGEtdGYtd2lkdGglM0QlMjI1NTAlMjIlMjBzdHlsZSUzRCUyMmFsbCUzQXVuc2V0JTNCZGlzcGxheSUzQWlubGluZS1ibG9jayUzQm1heC13aWR0aCUzQTEwMCUyNSUzQndoaXRlLXNwYWNlJTNBbm93cmFwJTNCb3ZlcmZsb3clM0FoaWRkZW4lM0J0ZXh0LW92ZXJmbG93JTNBZWxsaXBzaXMlM0JiYWNrZ3JvdW5kLWNvbG9yJTNBJTIzRDMyMzM0JTNCY29sb3IlM0ElMjNGRkZGRkYlM0Jmb250LXNpemUlM0ExNHB4JTNCYm9yZGVyLXJhZGl1cyUzQTVweCUzQnBhZGRpbmclM0EwJTIwMjNweCUzQmZvbnQtd2VpZ2h0JTNBYm9sZCUzQmhlaWdodCUzQTM1cHglM0JjdXJzb3IlM0Fwb2ludGVyJTNCbGluZS1oZWlnaHQlM0EzNXB4JTNCdGV4dC1hbGlnbiUzQWNlbnRlciUzQm1hcmdpbiUzQTAlM0J0ZXh0LWRlY29yYXRpb24lM0Fub25lJTNCJTIyJTNFQ09OVEFDVCUzQyUyRmJ1dHRvbiUzRSUzQ3NjcmlwdCUyMHNyYyUzRCUyMiUyRiUyRmVtYmVkLnR5cGVmb3JtLmNvbSUyRm5leHQlMkZlbWJlZC5qcyUyMiUzRSUzQyUyRnNjcmlwdCUzRQ==[\/vc_raw_html][\/vc_column_inner][\/vc_row_inner][\/vc_column][vc_column column_width_percent=\u00a0\u00bb100&Prime; gutter_size=\u00a0\u00bb3&Prime; override_padding=\u00a0\u00bbyes\u00a0\u00bb column_padding=\u00a0\u00bb4&Prime; style=\u00a0\u00bbdark\u00a0\u00bb back_color=\u00a0\u00bbcolor-wayh\u00a0\u00bb overlay_alpha=\u00a0\u00bb50&Prime; shift_x=\u00a0\u00bb0&Prime; shift_y=\u00a0\u00bb0&Prime; shift_y_down=\u00a0\u00bb0&Prime; z_index=\u00a0\u00bb0&Prime; medium_width=\u00a0\u00bb0&Prime; mobile_width=\u00a0\u00bb0&Prime; width=\u00a0\u00bb1\/2&Prime; mobile_height=\u00a0\u00bb360&Prime;][vc_gmaps latlon=\u00a0\u00bb50.834260321811975, 4.367038579840495&Prime; map_color=\u00a0\u00bbaccent\u00a0\u00bb ui_color=\u00a0\u00bbcolor-wayh\u00a0\u00bb zoom=\u00a0\u00bb14&Prime; map_saturation=\u00a0\u00bb-100&Prime; map_brightness=\u00a0\u00bb0&Prime; mobile_no_drag=\u00a0\u00bbyes\u00a0\u00bb][\/vc_column][\/vc_row]<\/p>\n<\/div>","protected":false},"excerpt":{"rendered":"<p>[vc_row unlock_row_content=\u00a0\u00bbyes\u00a0\u00bb row_height_percent=\u00a0\u00bb55&Prime; override_padding=\u00a0\u00bbyes\u00a0\u00bb h_padding=\u00a0\u00bb0&Prime; top_padding=\u00a0\u00bb0&Prime; bottom_padding=\u00a0\u00bb0&Prime; overlay_alpha=\u00a0\u00bb50&Prime; equal_height=\u00a0\u00bbyes\u00a0\u00bb gutter_size=\u00a0\u00bb0&Prime; column_width_percent=\u00a0\u00bb100&Prime; shift_y=\u00a0\u00bb0&Prime; z_index=\u00a0\u00bb0&Prime; el_class=\u00a0\u00bbinverted-device-order\u00a0\u00bb][vc_column column_width_use_pixel=\u00a0\u00bbyes\u00a0\u00bb position_vertical=\u00a0\u00bbmiddle\u00a0\u00bb gutter_size=\u00a0\u00bb3&Prime; override_padding=\u00a0\u00bbyes\u00a0\u00bb column_padding=\u00a0\u00bb5&Prime; overlay_alpha=\u00a0\u00bb50&Prime; [&hellip;]<\/p>\n","protected":false},"author":1,"featured_media":0,"parent":0,"menu_order":0,"comment_status":"closed","ping_status":"closed","template":"","meta":{"_acf_changed":false,"footnotes":""},"class_list":["post-85979","page","type-page","status-publish","hentry"],"acf":[],"yoast_head":"<!-- This site is optimized with the Yoast SEO plugin v26.1.1 - https:\/\/yoast.com\/wordpress\/plugins\/seo\/ -->\n<title>Contact - Sounds Jazz Club<\/title>\n<meta name=\"robots\" content=\"index, follow, max-snippet:-1, max-image-preview:large, max-video-preview:-1\" \/>\n<link rel=\"canonical\" href=\"https:\/\/sounds.tetedecom.pro\/fr\/contact\/\" \/>\n<meta property=\"og:locale\" content=\"fr_FR\" \/>\n<meta property=\"og:type\" content=\"article\" \/>\n<meta property=\"og:title\" content=\"Contact - Sounds Jazz Club\" \/>\n<meta property=\"og:description\" content=\"[vc_row unlock_row_content=\u00a0\u00bbyes\u00a0\u00bb row_height_percent=\u00a0\u00bb55&Prime; override_padding=\u00a0\u00bbyes\u00a0\u00bb h_padding=\u00a0\u00bb0&Prime; top_padding=\u00a0\u00bb0&Prime; bottom_padding=\u00a0\u00bb0&Prime; overlay_alpha=\u00a0\u00bb50&Prime; equal_height=\u00a0\u00bbyes\u00a0\u00bb gutter_size=\u00a0\u00bb0&Prime; column_width_percent=\u00a0\u00bb100&Prime; shift_y=\u00a0\u00bb0&Prime; z_index=\u00a0\u00bb0&Prime; el_class=\u00a0\u00bbinverted-device-order\u00a0\u00bb][vc_column column_width_use_pixel=\u00a0\u00bbyes\u00a0\u00bb position_vertical=\u00a0\u00bbmiddle\u00a0\u00bb gutter_size=\u00a0\u00bb3&Prime; override_padding=\u00a0\u00bbyes\u00a0\u00bb column_padding=\u00a0\u00bb5&Prime; overlay_alpha=\u00a0\u00bb50&Prime; [&hellip;]\" \/>\n<meta property=\"og:url\" content=\"https:\/\/sounds.tetedecom.pro\/fr\/contact\/\" \/>\n<meta property=\"og:site_name\" content=\"Sounds Jazz Club\" \/>\n<meta property=\"article:modified_time\" content=\"2024-08-02T16:38:15+00:00\" \/>\n<meta name=\"twitter:card\" content=\"summary_large_image\" \/>\n<meta name=\"twitter:label1\" content=\"Dur\u00e9e de lecture estim\u00e9e\" \/>\n\t<meta name=\"twitter:data1\" content=\"2 minutes\" \/>\n<script type=\"application\/ld+json\" class=\"yoast-schema-graph\">{\"@context\":\"https:\/\/schema.org\",\"@graph\":[{\"@type\":\"WebPage\",\"@id\":\"https:\/\/sounds.tetedecom.pro\/fr\/contact\/\",\"url\":\"https:\/\/sounds.tetedecom.pro\/fr\/contact\/\",\"name\":\"Contact - Sounds Jazz Club\",\"isPartOf\":{\"@id\":\"https:\/\/sounds.tetedecom.pro\/fr\/#website\"},\"datePublished\":\"2021-10-31T09:13:42+00:00\",\"dateModified\":\"2024-08-02T16:38:15+00:00\",\"breadcrumb\":{\"@id\":\"https:\/\/sounds.tetedecom.pro\/fr\/contact\/#breadcrumb\"},\"inLanguage\":\"fr-FR\",\"potentialAction\":[{\"@type\":\"ReadAction\",\"target\":[\"https:\/\/sounds.tetedecom.pro\/fr\/contact\/\"]}]},{\"@type\":\"BreadcrumbList\",\"@id\":\"https:\/\/sounds.tetedecom.pro\/fr\/contact\/#breadcrumb\",\"itemListElement\":[{\"@type\":\"ListItem\",\"position\":1,\"name\":\"Accueil\",\"item\":\"https:\/\/sounds.tetedecom.pro\/fr\/\"},{\"@type\":\"ListItem\",\"position\":2,\"name\":\"Contact\"}]},{\"@type\":\"WebSite\",\"@id\":\"https:\/\/sounds.tetedecom.pro\/fr\/#website\",\"url\":\"https:\/\/sounds.tetedecom.pro\/fr\/\",\"name\":\"Sounds Jazz Club\",\"description\":\"\",\"publisher\":{\"@id\":\"https:\/\/sounds.tetedecom.pro\/fr\/#organization\"},\"potentialAction\":[{\"@type\":\"SearchAction\",\"target\":{\"@type\":\"EntryPoint\",\"urlTemplate\":\"https:\/\/sounds.tetedecom.pro\/fr\/?s={search_term_string}\"},\"query-input\":{\"@type\":\"PropertyValueSpecification\",\"valueRequired\":true,\"valueName\":\"search_term_string\"}}],\"inLanguage\":\"fr-FR\"},{\"@type\":\"Organization\",\"@id\":\"https:\/\/sounds.tetedecom.pro\/fr\/#organization\",\"name\":\"Sounds Jazz Club\",\"url\":\"https:\/\/sounds.tetedecom.pro\/fr\/\",\"logo\":{\"@type\":\"ImageObject\",\"inLanguage\":\"fr-FR\",\"@id\":\"https:\/\/sounds.tetedecom.pro\/fr\/#\/schema\/logo\/image\/\",\"url\":\"https:\/\/sounds.tetedecom.pro\/wp-content\/uploads\/2023\/09\/logo-sounds-BlackRed-RGB-scaled.jpg\",\"contentUrl\":\"https:\/\/sounds.tetedecom.pro\/wp-content\/uploads\/2023\/09\/logo-sounds-BlackRed-RGB-scaled.jpg\",\"width\":2048,\"height\":1428,\"caption\":\"Sounds Jazz Club\"},\"image\":{\"@id\":\"https:\/\/sounds.tetedecom.pro\/fr\/#\/schema\/logo\/image\/\"}}]}<\/script>\n<!-- \/ Yoast SEO plugin. -->","yoast_head_json":{"title":"Contact - Sounds Jazz Club","robots":{"index":"index","follow":"follow","max-snippet":"max-snippet:-1","max-image-preview":"max-image-preview:large","max-video-preview":"max-video-preview:-1"},"canonical":"https:\/\/sounds.tetedecom.pro\/fr\/contact\/","og_locale":"fr_FR","og_type":"article","og_title":"Contact - Sounds Jazz Club","og_description":"[vc_row unlock_row_content=\u00a0\u00bbyes\u00a0\u00bb row_height_percent=\u00a0\u00bb55&Prime; override_padding=\u00a0\u00bbyes\u00a0\u00bb h_padding=\u00a0\u00bb0&Prime; top_padding=\u00a0\u00bb0&Prime; bottom_padding=\u00a0\u00bb0&Prime; overlay_alpha=\u00a0\u00bb50&Prime; equal_height=\u00a0\u00bbyes\u00a0\u00bb gutter_size=\u00a0\u00bb0&Prime; column_width_percent=\u00a0\u00bb100&Prime; shift_y=\u00a0\u00bb0&Prime; z_index=\u00a0\u00bb0&Prime; el_class=\u00a0\u00bbinverted-device-order\u00a0\u00bb][vc_column column_width_use_pixel=\u00a0\u00bbyes\u00a0\u00bb position_vertical=\u00a0\u00bbmiddle\u00a0\u00bb gutter_size=\u00a0\u00bb3&Prime; override_padding=\u00a0\u00bbyes\u00a0\u00bb column_padding=\u00a0\u00bb5&Prime; overlay_alpha=\u00a0\u00bb50&Prime; [&hellip;]","og_url":"https:\/\/sounds.tetedecom.pro\/fr\/contact\/","og_site_name":"Sounds Jazz Club","article_modified_time":"2024-08-02T16:38:15+00:00","twitter_card":"summary_large_image","twitter_misc":{"Dur\u00e9e de lecture estim\u00e9e":"2 minutes"},"schema":{"@context":"https:\/\/schema.org","@graph":[{"@type":"WebPage","@id":"https:\/\/sounds.tetedecom.pro\/fr\/contact\/","url":"https:\/\/sounds.tetedecom.pro\/fr\/contact\/","name":"Contact - Sounds Jazz Club","isPartOf":{"@id":"https:\/\/sounds.tetedecom.pro\/fr\/#website"},"datePublished":"2021-10-31T09:13:42+00:00","dateModified":"2024-08-02T16:38:15+00:00","breadcrumb":{"@id":"https:\/\/sounds.tetedecom.pro\/fr\/contact\/#breadcrumb"},"inLanguage":"fr-FR","potentialAction":[{"@type":"ReadAction","target":["https:\/\/sounds.tetedecom.pro\/fr\/contact\/"]}]},{"@type":"BreadcrumbList","@id":"https:\/\/sounds.tetedecom.pro\/fr\/contact\/#breadcrumb","itemListElement":[{"@type":"ListItem","position":1,"name":"Accueil","item":"https:\/\/sounds.tetedecom.pro\/fr\/"},{"@type":"ListItem","position":2,"name":"Contact"}]},{"@type":"WebSite","@id":"https:\/\/sounds.tetedecom.pro\/fr\/#website","url":"https:\/\/sounds.tetedecom.pro\/fr\/","name":"Sounds Jazz Club","description":"","publisher":{"@id":"https:\/\/sounds.tetedecom.pro\/fr\/#organization"},"potentialAction":[{"@type":"SearchAction","target":{"@type":"EntryPoint","urlTemplate":"https:\/\/sounds.tetedecom.pro\/fr\/?s={search_term_string}"},"query-input":{"@type":"PropertyValueSpecification","valueRequired":true,"valueName":"search_term_string"}}],"inLanguage":"fr-FR"},{"@type":"Organization","@id":"https:\/\/sounds.tetedecom.pro\/fr\/#organization","name":"Sounds Jazz Club","url":"https:\/\/sounds.tetedecom.pro\/fr\/","logo":{"@type":"ImageObject","inLanguage":"fr-FR","@id":"https:\/\/sounds.tetedecom.pro\/fr\/#\/schema\/logo\/image\/","url":"https:\/\/sounds.tetedecom.pro\/wp-content\/uploads\/2023\/09\/logo-sounds-BlackRed-RGB-scaled.jpg","contentUrl":"https:\/\/sounds.tetedecom.pro\/wp-content\/uploads\/2023\/09\/logo-sounds-BlackRed-RGB-scaled.jpg","width":2048,"height":1428,"caption":"Sounds Jazz Club"},"image":{"@id":"https:\/\/sounds.tetedecom.pro\/fr\/#\/schema\/logo\/image\/"}}]}},"_links":{"self":[{"href":"https:\/\/sounds.tetedecom.pro\/fr\/wp-json\/wp\/v2\/pages\/85979","targetHints":{"allow":["GET"]}}],"collection":[{"href":"https:\/\/sounds.tetedecom.pro\/fr\/wp-json\/wp\/v2\/pages"}],"about":[{"href":"https:\/\/sounds.tetedecom.pro\/fr\/wp-json\/wp\/v2\/types\/page"}],"author":[{"embeddable":true,"href":"https:\/\/sounds.tetedecom.pro\/fr\/wp-json\/wp\/v2\/users\/1"}],"replies":[{"embeddable":true,"href":"https:\/\/sounds.tetedecom.pro\/fr\/wp-json\/wp\/v2\/comments?post=85979"}],"version-history":[{"count":18,"href":"https:\/\/sounds.tetedecom.pro\/fr\/wp-json\/wp\/v2\/pages\/85979\/revisions"}],"predecessor-version":[{"id":136574,"href":"https:\/\/sounds.tetedecom.pro\/fr\/wp-json\/wp\/v2\/pages\/85979\/revisions\/136574"}],"wp:attachment":[{"href":"https:\/\/sounds.tetedecom.pro\/fr\/wp-json\/wp\/v2\/media?parent=85979"}],"curies":[{"name":"wp","href":"https:\/\/api.w.org\/{rel}","templated":true}]}}