{"id":85551,"date":"2021-10-30T11:46:00","date_gmt":"2021-10-30T09:46:00","guid":{"rendered":"https:\/\/sounds.tetedecom.pro\/edito\/"},"modified":"2025-06-30T13:39:13","modified_gmt":"2025-06-30T11:39:13","slug":"edito","status":"publish","type":"page","link":"https:\/\/sounds.tetedecom.pro\/fr\/edito\/","title":{"rendered":"Edito"},"content":{"rendered":"<div class=\"wpb-content-wrapper\"><p>[vc_row row_height_percent=\u00a0\u00bb60&Prime; back_image=\u00a0\u00bb84953&Prime; overlay_color=\u00a0\u00bbcolor-rgdb\u00a0\u00bb overlay_alpha=\u00a0\u00bb30&Prime; gutter_size=\u00a0\u00bb3&Prime; column_width_percent=\u00a0\u00bb100&Prime; shift_y=\u00a0\u00bb0&Prime; z_index=\u00a0\u00bb0&Prime; uncode_shortcode_id=\u00a0\u00bb401159&Prime; overlay_color_type=\u00a0\u00bbuncode-palette\u00a0\u00bb][vc_column column_width_percent=\u00a0\u00bb100&Prime; position_vertical=\u00a0\u00bbmiddle\u00a0\u00bb align_horizontal=\u00a0\u00bbalign_center\u00a0\u00bb gutter_size=\u00a0\u00bb3&Prime; overlay_alpha=\u00a0\u00bb50&Prime; shift_x=\u00a0\u00bb0&Prime; shift_y=\u00a0\u00bb0&Prime; shift_y_down=\u00a0\u00bb0&Prime; z_index=\u00a0\u00bb0&Prime; medium_width=\u00a0\u00bb0&Prime; mobile_width=\u00a0\u00bb0&Prime; width=\u00a0\u00bb1\/1&Prime;][vc_custom_heading text_color=\u00a0\u00bbcolor-xsdn\u00a0\u00bb uncode_shortcode_id=\u00a0\u00bb133793&Prime; text_color_type=\u00a0\u00bbuncode-palette\u00a0\u00bb]SOUNDS IS ALIVE[\/vc_custom_heading][\/vc_column][\/vc_row][vc_row row_height_percent=\u00a0\u00bb0&Prime; overlay_alpha=\u00a0\u00bb50&Prime; gutter_size=\u00a0\u00bb3&Prime; column_width_percent=\u00a0\u00bb70&Prime; shift_y=\u00a0\u00bb0&Prime; z_index=\u00a0\u00bb0&Prime;][vc_column width=\u00a0\u00bb1\/1&Prime;][vc_column_text text_lead=\u00a0\u00bbyes\u00a0\u00bb uncode_shortcode_id=\u00a0\u00bb911690&Prime;]<\/p>\n<div class=\"\" dir=\"auto\">\n<div id=\"jsc_c_ph\" class=\"ecm0bbzt hv4rvrfc ihqw7lf3 dati1w0a\" data-ad-comet-preview=\"message\" data-ad-preview=\"message\">\n<div class=\"j83agx80 cbu4d94t ew0dbk1b irj2b8pg\">\n<div class=\"qzhwtbm6 knvmm38d\">\n<p>&nbsp;<\/p>\n<p>D\u00e8s septembre 2025, une saison intense s&rsquo;ouvre au Sounds. Une saison intense, vivante, libre. La derni\u00e8re avant un anniversaire symbolique : 40 ans de musique live \u00e0 Bruxelles. Quarante ann\u00e9es d&rsquo;exp\u00e9riences, de transmissions, de solos \u00e9piques, de silences suspendus et de vibrations partag\u00e9es.<\/p>\n<p>Le Sounds ne se contente plus d&rsquo;\u00eatre un club de jazz. Il est devenu un v\u00e9ritable refuge pour les musiques vivantes. Sous l&rsquo;impulsion de ses deux programmateurs Junio Jocol et John Di Martino la sc\u00e8ne du 28 rue de la Tulipe s&rsquo;ouvre \u00e0 tous les dialogues : entre tradition et innovation, entre h\u00e9ritage jazz et sons du monde.<\/p>\n<p>Chaque semaine, six rendez-vous pour vibrer ensemble : jam Resist les mardis, jazz classique les mercredis, cr\u00e9ations contemporaines ou artistes internationaux les vendredis, dancefloors hybrides les samedis, ap\u00e9ros engag\u00e9s les dimanches&#8230; Le club reste un espace libre et audacieux, fid\u00e8le \u00e0 son esprit d&rsquo;origine.<\/p>\n<p>Au premier \u00e9tage est ouverte la salle Manolis, pour l&rsquo;art plastique. A deux pas de l\u00e0, l&rsquo;Espace Buen Vivir est mis \u00e0 disposition pour des activit\u00e9s auto-g\u00e9r\u00e9es (concerts intimistes, pr\u00e9sentations de livres, conf\u00e9rences, expositions&#8230;)<br \/>\nQu&rsquo;on se le dise : malgr\u00e9 des attaques r\u00e9centes, de loups gris de Turquie d\u00e9truisant notre fa\u00e7ade apr\u00e8s un concert m\u00e9langeant musiciens arm\u00e9niens, turcs, kurdes et grecs, de sionistes enrag\u00e9s taguant de nuit la fa\u00e7ade du Buen Vivir parce que s&rsquo;y \u00e9tait r\u00e9uni le collectif XL4Palestine, ou celles provenant de concurrents d\u00e9loyaux annon\u00e7ant notre disparition, le Sounds est aujourd&rsquo;hui plus vivant que jamais. Gr\u00e2ce \u00e0 vous, notre public, \u00e0 l&rsquo;engagement du Collectif Buen Vivir et du soutien de nos sponsors y compris les propri\u00e9taires des lieux, nous pouvons continuer \u00e0 faire vivre l&rsquo;art dans cet espace merveilleux, en y incluant la partie r\u00e9sistance qui lui est inh\u00e9rente.<\/p>\n<p>Sounds, c&rsquo;est une sc\u00e8ne, une histoire, une communaut\u00e9.<\/p>\n<p>Votre \u00e9nergie fait vivre la n\u00f4tre.<\/p>\n<p>Longue vie \u00e0 la musique live au Sounds !<\/p>\n<p>&nbsp;<\/p>\n<\/div>\n<\/div>\n<\/div>\n<\/div>\n<p>[\/vc_column_text][\/vc_column][\/vc_row]<\/p>\n<\/div>","protected":false},"excerpt":{"rendered":"<p>[vc_row row_height_percent=\u00a0\u00bb60&Prime; back_image=\u00a0\u00bb84953&Prime; overlay_color=\u00a0\u00bbcolor-rgdb\u00a0\u00bb overlay_alpha=\u00a0\u00bb30&Prime; gutter_size=\u00a0\u00bb3&Prime; column_width_percent=\u00a0\u00bb100&Prime; shift_y=\u00a0\u00bb0&Prime; z_index=\u00a0\u00bb0&Prime; uncode_shortcode_id=\u00a0\u00bb401159&Prime; overlay_color_type=\u00a0\u00bbuncode-palette\u00a0\u00bb][vc_column column_width_percent=\u00a0\u00bb100&Prime; position_vertical=\u00a0\u00bbmiddle\u00a0\u00bb align_horizontal=\u00a0\u00bbalign_center\u00a0\u00bb gutter_size=\u00a0\u00bb3&Prime; overlay_alpha=\u00a0\u00bb50&Prime; shift_x=\u00a0\u00bb0&Prime; shift_y=\u00a0\u00bb0&Prime; shift_y_down=\u00a0\u00bb0&Prime; z_index=\u00a0\u00bb0&Prime; [&hellip;]<\/p>\n","protected":false},"author":1,"featured_media":0,"parent":0,"menu_order":0,"comment_status":"closed","ping_status":"closed","template":"","meta":{"_acf_changed":false,"footnotes":""},"class_list":["post-85551","page","type-page","status-publish","hentry"],"acf":[],"yoast_head":"<!-- This site is optimized with the Yoast SEO plugin v26.1.1 - https:\/\/yoast.com\/wordpress\/plugins\/seo\/ -->\n<title>Edito - Sounds Jazz Club<\/title>\n<meta name=\"robots\" content=\"index, follow, max-snippet:-1, max-image-preview:large, max-video-preview:-1\" \/>\n<link rel=\"canonical\" href=\"https:\/\/sounds.tetedecom.pro\/fr\/edito\/\" \/>\n<meta property=\"og:locale\" content=\"fr_FR\" \/>\n<meta property=\"og:type\" content=\"article\" \/>\n<meta property=\"og:title\" content=\"Edito - Sounds Jazz Club\" \/>\n<meta property=\"og:description\" content=\"[vc_row row_height_percent=\u00a0\u00bb60&Prime; back_image=\u00a0\u00bb84953&Prime; overlay_color=\u00a0\u00bbcolor-rgdb\u00a0\u00bb overlay_alpha=\u00a0\u00bb30&Prime; gutter_size=\u00a0\u00bb3&Prime; column_width_percent=\u00a0\u00bb100&Prime; shift_y=\u00a0\u00bb0&Prime; z_index=\u00a0\u00bb0&Prime; uncode_shortcode_id=\u00a0\u00bb401159&Prime; overlay_color_type=\u00a0\u00bbuncode-palette\u00a0\u00bb][vc_column column_width_percent=\u00a0\u00bb100&Prime; position_vertical=\u00a0\u00bbmiddle\u00a0\u00bb align_horizontal=\u00a0\u00bbalign_center\u00a0\u00bb gutter_size=\u00a0\u00bb3&Prime; overlay_alpha=\u00a0\u00bb50&Prime; shift_x=\u00a0\u00bb0&Prime; shift_y=\u00a0\u00bb0&Prime; shift_y_down=\u00a0\u00bb0&Prime; z_index=\u00a0\u00bb0&Prime; [&hellip;]\" \/>\n<meta property=\"og:url\" content=\"https:\/\/sounds.tetedecom.pro\/fr\/edito\/\" \/>\n<meta property=\"og:site_name\" content=\"Sounds Jazz Club\" \/>\n<meta property=\"article:modified_time\" content=\"2025-06-30T11:39:13+00:00\" \/>\n<meta property=\"og:image\" content=\"https:\/\/sounds.tetedecom.pro\/wp-content\/uploads\/2022\/01\/logo_home_sounds_jazz_club_brussels-1.png\" \/>\n\t<meta property=\"og:image:width\" content=\"270\" \/>\n\t<meta property=\"og:image:height\" content=\"200\" \/>\n\t<meta property=\"og:image:type\" content=\"image\/png\" \/>\n<meta name=\"twitter:card\" content=\"summary_large_image\" \/>\n<meta name=\"twitter:image\" content=\"https:\/\/sounds.tetedecom.pro\/wp-content\/uploads\/2022\/01\/logo_home_sounds_jazz_club_brussels-1.png\" \/>\n<meta name=\"twitter:label1\" content=\"Dur\u00e9e de lecture estim\u00e9e\" \/>\n\t<meta name=\"twitter:data1\" content=\"2 minutes\" \/>\n<script type=\"application\/ld+json\" class=\"yoast-schema-graph\">{\"@context\":\"https:\/\/schema.org\",\"@graph\":[{\"@type\":\"WebPage\",\"@id\":\"https:\/\/sounds.tetedecom.pro\/fr\/edito\/\",\"url\":\"https:\/\/sounds.tetedecom.pro\/fr\/edito\/\",\"name\":\"Edito - Sounds Jazz Club\",\"isPartOf\":{\"@id\":\"https:\/\/sounds.tetedecom.pro\/fr\/#website\"},\"datePublished\":\"2021-10-30T09:46:00+00:00\",\"dateModified\":\"2025-06-30T11:39:13+00:00\",\"breadcrumb\":{\"@id\":\"https:\/\/sounds.tetedecom.pro\/fr\/edito\/#breadcrumb\"},\"inLanguage\":\"fr-FR\",\"potentialAction\":[{\"@type\":\"ReadAction\",\"target\":[\"https:\/\/sounds.tetedecom.pro\/fr\/edito\/\"]}]},{\"@type\":\"BreadcrumbList\",\"@id\":\"https:\/\/sounds.tetedecom.pro\/fr\/edito\/#breadcrumb\",\"itemListElement\":[{\"@type\":\"ListItem\",\"position\":1,\"name\":\"Accueil\",\"item\":\"https:\/\/sounds.tetedecom.pro\/fr\/\"},{\"@type\":\"ListItem\",\"position\":2,\"name\":\"Edito\"}]},{\"@type\":\"WebSite\",\"@id\":\"https:\/\/sounds.tetedecom.pro\/fr\/#website\",\"url\":\"https:\/\/sounds.tetedecom.pro\/fr\/\",\"name\":\"Sounds Jazz Club\",\"description\":\"\",\"publisher\":{\"@id\":\"https:\/\/sounds.tetedecom.pro\/fr\/#organization\"},\"potentialAction\":[{\"@type\":\"SearchAction\",\"target\":{\"@type\":\"EntryPoint\",\"urlTemplate\":\"https:\/\/sounds.tetedecom.pro\/fr\/?s={search_term_string}\"},\"query-input\":{\"@type\":\"PropertyValueSpecification\",\"valueRequired\":true,\"valueName\":\"search_term_string\"}}],\"inLanguage\":\"fr-FR\"},{\"@type\":\"Organization\",\"@id\":\"https:\/\/sounds.tetedecom.pro\/fr\/#organization\",\"name\":\"Sounds Jazz Club\",\"url\":\"https:\/\/sounds.tetedecom.pro\/fr\/\",\"logo\":{\"@type\":\"ImageObject\",\"inLanguage\":\"fr-FR\",\"@id\":\"https:\/\/sounds.tetedecom.pro\/fr\/#\/schema\/logo\/image\/\",\"url\":\"https:\/\/sounds.tetedecom.pro\/wp-content\/uploads\/2023\/09\/logo-sounds-BlackRed-RGB-scaled.jpg\",\"contentUrl\":\"https:\/\/sounds.tetedecom.pro\/wp-content\/uploads\/2023\/09\/logo-sounds-BlackRed-RGB-scaled.jpg\",\"width\":2048,\"height\":1428,\"caption\":\"Sounds Jazz Club\"},\"image\":{\"@id\":\"https:\/\/sounds.tetedecom.pro\/fr\/#\/schema\/logo\/image\/\"}}]}<\/script>\n<!-- \/ Yoast SEO plugin. -->","yoast_head_json":{"title":"Edito - Sounds Jazz Club","robots":{"index":"index","follow":"follow","max-snippet":"max-snippet:-1","max-image-preview":"max-image-preview:large","max-video-preview":"max-video-preview:-1"},"canonical":"https:\/\/sounds.tetedecom.pro\/fr\/edito\/","og_locale":"fr_FR","og_type":"article","og_title":"Edito - Sounds Jazz Club","og_description":"[vc_row row_height_percent=\u00a0\u00bb60&Prime; back_image=\u00a0\u00bb84953&Prime; overlay_color=\u00a0\u00bbcolor-rgdb\u00a0\u00bb overlay_alpha=\u00a0\u00bb30&Prime; gutter_size=\u00a0\u00bb3&Prime; column_width_percent=\u00a0\u00bb100&Prime; shift_y=\u00a0\u00bb0&Prime; z_index=\u00a0\u00bb0&Prime; uncode_shortcode_id=\u00a0\u00bb401159&Prime; overlay_color_type=\u00a0\u00bbuncode-palette\u00a0\u00bb][vc_column column_width_percent=\u00a0\u00bb100&Prime; position_vertical=\u00a0\u00bbmiddle\u00a0\u00bb align_horizontal=\u00a0\u00bbalign_center\u00a0\u00bb gutter_size=\u00a0\u00bb3&Prime; overlay_alpha=\u00a0\u00bb50&Prime; shift_x=\u00a0\u00bb0&Prime; shift_y=\u00a0\u00bb0&Prime; shift_y_down=\u00a0\u00bb0&Prime; z_index=\u00a0\u00bb0&Prime; [&hellip;]","og_url":"https:\/\/sounds.tetedecom.pro\/fr\/edito\/","og_site_name":"Sounds Jazz Club","article_modified_time":"2025-06-30T11:39:13+00:00","og_image":[{"width":270,"height":200,"url":"https:\/\/sounds.tetedecom.pro\/wp-content\/uploads\/2022\/01\/logo_home_sounds_jazz_club_brussels-1.png","type":"image\/png"}],"twitter_card":"summary_large_image","twitter_image":"https:\/\/sounds.tetedecom.pro\/wp-content\/uploads\/2022\/01\/logo_home_sounds_jazz_club_brussels-1.png","twitter_misc":{"Dur\u00e9e de lecture estim\u00e9e":"2 minutes"},"schema":{"@context":"https:\/\/schema.org","@graph":[{"@type":"WebPage","@id":"https:\/\/sounds.tetedecom.pro\/fr\/edito\/","url":"https:\/\/sounds.tetedecom.pro\/fr\/edito\/","name":"Edito - Sounds Jazz Club","isPartOf":{"@id":"https:\/\/sounds.tetedecom.pro\/fr\/#website"},"datePublished":"2021-10-30T09:46:00+00:00","dateModified":"2025-06-30T11:39:13+00:00","breadcrumb":{"@id":"https:\/\/sounds.tetedecom.pro\/fr\/edito\/#breadcrumb"},"inLanguage":"fr-FR","potentialAction":[{"@type":"ReadAction","target":["https:\/\/sounds.tetedecom.pro\/fr\/edito\/"]}]},{"@type":"BreadcrumbList","@id":"https:\/\/sounds.tetedecom.pro\/fr\/edito\/#breadcrumb","itemListElement":[{"@type":"ListItem","position":1,"name":"Accueil","item":"https:\/\/sounds.tetedecom.pro\/fr\/"},{"@type":"ListItem","position":2,"name":"Edito"}]},{"@type":"WebSite","@id":"https:\/\/sounds.tetedecom.pro\/fr\/#website","url":"https:\/\/sounds.tetedecom.pro\/fr\/","name":"Sounds Jazz Club","description":"","publisher":{"@id":"https:\/\/sounds.tetedecom.pro\/fr\/#organization"},"potentialAction":[{"@type":"SearchAction","target":{"@type":"EntryPoint","urlTemplate":"https:\/\/sounds.tetedecom.pro\/fr\/?s={search_term_string}"},"query-input":{"@type":"PropertyValueSpecification","valueRequired":true,"valueName":"search_term_string"}}],"inLanguage":"fr-FR"},{"@type":"Organization","@id":"https:\/\/sounds.tetedecom.pro\/fr\/#organization","name":"Sounds Jazz Club","url":"https:\/\/sounds.tetedecom.pro\/fr\/","logo":{"@type":"ImageObject","inLanguage":"fr-FR","@id":"https:\/\/sounds.tetedecom.pro\/fr\/#\/schema\/logo\/image\/","url":"https:\/\/sounds.tetedecom.pro\/wp-content\/uploads\/2023\/09\/logo-sounds-BlackRed-RGB-scaled.jpg","contentUrl":"https:\/\/sounds.tetedecom.pro\/wp-content\/uploads\/2023\/09\/logo-sounds-BlackRed-RGB-scaled.jpg","width":2048,"height":1428,"caption":"Sounds Jazz Club"},"image":{"@id":"https:\/\/sounds.tetedecom.pro\/fr\/#\/schema\/logo\/image\/"}}]}},"_links":{"self":[{"href":"https:\/\/sounds.tetedecom.pro\/fr\/wp-json\/wp\/v2\/pages\/85551","targetHints":{"allow":["GET"]}}],"collection":[{"href":"https:\/\/sounds.tetedecom.pro\/fr\/wp-json\/wp\/v2\/pages"}],"about":[{"href":"https:\/\/sounds.tetedecom.pro\/fr\/wp-json\/wp\/v2\/types\/page"}],"author":[{"embeddable":true,"href":"https:\/\/sounds.tetedecom.pro\/fr\/wp-json\/wp\/v2\/users\/1"}],"replies":[{"embeddable":true,"href":"https:\/\/sounds.tetedecom.pro\/fr\/wp-json\/wp\/v2\/comments?post=85551"}],"version-history":[{"count":28,"href":"https:\/\/sounds.tetedecom.pro\/fr\/wp-json\/wp\/v2\/pages\/85551\/revisions"}],"predecessor-version":[{"id":150458,"href":"https:\/\/sounds.tetedecom.pro\/fr\/wp-json\/wp\/v2\/pages\/85551\/revisions\/150458"}],"wp:attachment":[{"href":"https:\/\/sounds.tetedecom.pro\/fr\/wp-json\/wp\/v2\/media?parent=85551"}],"curies":[{"name":"wp","href":"https:\/\/api.w.org\/{rel}","templated":true}]}}