{"id":85026,"date":"2021-09-15T14:02:58","date_gmt":"2021-09-15T12:02:58","guid":{"rendered":"https:\/\/sounds.tetedecom.pro\/the-jazz-club\/"},"modified":"2025-06-30T13:46:28","modified_gmt":"2025-06-30T11:46:28","slug":"jazz-club","status":"publish","type":"page","link":"https:\/\/sounds.tetedecom.pro\/fr\/jazz-club\/","title":{"rendered":"A Propos"},"content":{"rendered":"<div class=\"wpb-content-wrapper\"><p>[vc_row row_height_percent=\u00a0\u00bb0&Prime; back_image=\u00a0\u00bb84951&Prime; overlay_color=\u00a0\u00bbcolor-rgdb\u00a0\u00bb overlay_alpha=\u00a0\u00bb20&Prime; gutter_size=\u00a0\u00bb3&Prime; column_width_percent=\u00a0\u00bb100&Prime; shift_y=\u00a0\u00bb0&Prime; z_index=\u00a0\u00bb0&Prime; row_height_pixel=\u00a0\u00bb300&Prime;][vc_column column_width_percent=\u00a0\u00bb100&Prime; position_vertical=\u00a0\u00bbmiddle\u00a0\u00bb align_horizontal=\u00a0\u00bbalign_center\u00a0\u00bb gutter_size=\u00a0\u00bb3&Prime; overlay_alpha=\u00a0\u00bb50&Prime; shift_x=\u00a0\u00bb0&Prime; shift_y=\u00a0\u00bb0&Prime; shift_y_down=\u00a0\u00bb0&Prime; z_index=\u00a0\u00bb0&Prime; medium_width=\u00a0\u00bb0&Prime; mobile_width=\u00a0\u00bb0&Prime; width=\u00a0\u00bb1\/1&Prime;][vc_custom_heading text_color=\u00a0\u00bbcolor-xsdn\u00a0\u00bb uncode_shortcode_id=\u00a0\u00bb466455&Prime; text_color_type=\u00a0\u00bbuncode-palette\u00a0\u00bb]<b>SOUNDS \u2014 JAZZ, GROOVE &amp; RESIST<\/b>[\/vc_custom_heading][\/vc_column][\/vc_row][vc_row][vc_column column_width_percent=\u00a0\u00bb80&Prime; gutter_size=\u00a0\u00bb3&Prime; overlay_alpha=\u00a0\u00bb50&Prime; shift_x=\u00a0\u00bb0&Prime; shift_y=\u00a0\u00bb0&Prime; shift_y_down=\u00a0\u00bb0&Prime; z_index=\u00a0\u00bb0&Prime; medium_width=\u00a0\u00bb0&Prime; mobile_width=\u00a0\u00bb0&Prime; width=\u00a0\u00bb1\/1&Prime;][vc_column_text uncode_shortcode_id=\u00a0\u00bb192198&Prime;]Tout commence \u00e0 l&rsquo;\u00e9t\u00e9 1985. Sergio Duvalloni et Rosy Merlini arrivent \u00e0 Bruxelles pour quelques mois. Au d\u00e9tour d&rsquo;une conversation, Sergio apprend qu&rsquo;un restaurant est \u00e0 remettre au 28 rue de la Tulipe. Il visite le lieu, en tombe amoureux et d\u00e9cide de s&rsquo;y lancer. Ainsi na\u00eet le Sounds.<\/p>\n<p>Le lieu s&rsquo;impose rapidement comme un des meilleurs club de jazz de la ville, sous l&rsquo;influence mythique de Pol Lenders du Pol&rsquo;s Jazz Club voisin. Tr\u00e8s vite, il devient une sc\u00e8ne de r\u00e9f\u00e9rence, accueillant les figures majeures du jazz belge moderne \u2014 Philip Catherine, Aka Moon, Steve Houben, Nathalie Loriers, Eric Legnini, Toots Thielemans le Brussels Jazz Orchestra et bien d&rsquo;autres&#8230; \u2014 tout en offrant une sc\u00e8ne aux jeunes talents appel\u00e9s \u00e0 marquer leur \u00e9poque.[\/vc_column_text][vc_column_text uncode_shortcode_id=\u00a0\u00bb165988&Prime;]Au fil des d\u00e9cennies, Sounds traverse les crises sans jamais renier son ADN. Des artistes comme Paolo Fresu, John Scofield, Mark Turner, Charlie Mariano, Tutu Puoane\u00a0ou Jacky Terrasson s&rsquo;y produisent, consolidant sa r\u00e9putation au-del\u00e0 des fronti\u00e8res. Mais c&rsquo;est aussi un tremplin, un lieu d&rsquo;apprentissage et de partage, o\u00f9 les g\u00e9n\u00e9rations se croisent.<\/p>\n<p>En 2021 le b\u00e2timent est vendu et mis \u00e0 disposition gracieusement pour 20 ans au Collectif Buen Vivir qui reprend le flambeau avec la volont\u00e9 de faire vivre l&rsquo;h\u00e9ritage du club tout en l&rsquo;ancrant dans les enjeux contemporains. Il consolide et perp\u00e9tue le volet jazz et compte tenu de l&rsquo;\u00e9volution de Bruxelles, il lance aussi Sounds Resist, une programmation ouverte aux musiques du monde, aux cultures diasporiques et aux expressions artistiques engag\u00e9es.[\/vc_column_text][\/vc_column][\/vc_row][vc_row row_height_percent=\u00a0\u00bb0&Prime; back_image=\u00a0\u00bb84945&Prime; overlay_color=\u00a0\u00bbcolor-rgdb\u00a0\u00bb overlay_alpha=\u00a0\u00bb20&Prime; gutter_size=\u00a0\u00bb3&Prime; column_width_percent=\u00a0\u00bb100&Prime; shift_y=\u00a0\u00bb0&Prime; z_index=\u00a0\u00bb0&Prime; row_height_pixel=\u00a0\u00bb300&Prime;][vc_column column_width_percent=\u00a0\u00bb100&Prime; position_vertical=\u00a0\u00bbmiddle\u00a0\u00bb align_horizontal=\u00a0\u00bbalign_center\u00a0\u00bb gutter_size=\u00a0\u00bb3&Prime; overlay_alpha=\u00a0\u00bb50&Prime; shift_x=\u00a0\u00bb0&Prime; shift_y=\u00a0\u00bb0&Prime; shift_y_down=\u00a0\u00bb0&Prime; z_index=\u00a0\u00bb0&Prime; medium_width=\u00a0\u00bb0&Prime; mobile_width=\u00a0\u00bb0&Prime; width=\u00a0\u00bb1\/1&Prime;][vc_column_text uncode_shortcode_id=\u00a0\u00bb108332&Prime;][\/vc_column_text][\/vc_column][\/vc_row][vc_row][vc_column column_width_percent=\u00a0\u00bb80&Prime; gutter_size=\u00a0\u00bb3&Prime; overlay_alpha=\u00a0\u00bb50&Prime; shift_x=\u00a0\u00bb0&Prime; shift_y=\u00a0\u00bb0&Prime; shift_y_down=\u00a0\u00bb0&Prime; z_index=\u00a0\u00bb0&Prime; medium_width=\u00a0\u00bb0&Prime; mobile_width=\u00a0\u00bb0&Prime; width=\u00a0\u00bb1\/1&Prime;][vc_column_text uncode_shortcode_id=\u00a0\u00bb140881&Prime;]Aujourd&rsquo;hui, la direction artistique est confi\u00e9e \u00e0 Junio Jocol et John De Martino, deux programmateurs aux univers compl\u00e9mentaires, port\u00e9s par une m\u00eame exigence musicale. Ensemble, ils construisent une grille \u00e9quilibr\u00e9e : plus de trois soirs par semaine d\u00e9di\u00e9s au jazz tandis que le reste explore les grooves d&rsquo;ici et d&rsquo;ailleurs, entre jazz cosmopolite, musiques de la diaspora et sonorit\u00e9s venues d&rsquo;ailleurs, avec une attention particuli\u00e8re aux d\u00e9marches collectives et r\u00e9sistantes.[\/vc_column_text][\/vc_column][\/vc_row]<\/p>\n<\/div>","protected":false},"excerpt":{"rendered":"<p>[vc_row row_height_percent=\u00a0\u00bb0&Prime; back_image=\u00a0\u00bb84951&Prime; overlay_color=\u00a0\u00bbcolor-rgdb\u00a0\u00bb overlay_alpha=\u00a0\u00bb20&Prime; gutter_size=\u00a0\u00bb3&Prime; column_width_percent=\u00a0\u00bb100&Prime; shift_y=\u00a0\u00bb0&Prime; z_index=\u00a0\u00bb0&Prime; row_height_pixel=\u00a0\u00bb300&Prime;][vc_column column_width_percent=\u00a0\u00bb100&Prime; position_vertical=\u00a0\u00bbmiddle\u00a0\u00bb align_horizontal=\u00a0\u00bbalign_center\u00a0\u00bb gutter_size=\u00a0\u00bb3&Prime; overlay_alpha=\u00a0\u00bb50&Prime; shift_x=\u00a0\u00bb0&Prime; shift_y=\u00a0\u00bb0&Prime; shift_y_down=\u00a0\u00bb0&Prime; z_index=\u00a0\u00bb0&Prime; medium_width=\u00a0\u00bb0&Prime; [&hellip;]<\/p>\n","protected":false},"author":1,"featured_media":0,"parent":0,"menu_order":0,"comment_status":"closed","ping_status":"closed","template":"","meta":{"_acf_changed":false,"footnotes":""},"class_list":["post-85026","page","type-page","status-publish","hentry"],"acf":[],"yoast_head":"<!-- This site is optimized with the Yoast SEO plugin v26.1.1 - https:\/\/yoast.com\/wordpress\/plugins\/seo\/ -->\n<title>A Propos - Sounds Jazz Club<\/title>\n<meta name=\"description\" content=\"D\u00e9couvrez l&#039;histoire du Sounds Jazz Club \u00e0 Bruxelles, de sa fondation en 1985 par Sergio Duvalloni et Rosy Merlini, \u00e0 son \u00e9volution sous le Collectif Buen Vivir. Un lieu mythique du jazz belge et international, aujourd&#039;hui ouvert aux musiques du monde et aux cultures diasporiques.\" \/>\n<meta name=\"robots\" content=\"index, follow, max-snippet:-1, max-image-preview:large, max-video-preview:-1\" \/>\n<link rel=\"canonical\" href=\"https:\/\/sounds.tetedecom.pro\/fr\/jazz-club\/\" \/>\n<meta property=\"og:locale\" content=\"fr_FR\" \/>\n<meta property=\"og:type\" content=\"article\" \/>\n<meta property=\"og:title\" content=\"A Propos - Sounds Jazz Club\" \/>\n<meta property=\"og:description\" content=\"D\u00e9couvrez l&#039;histoire du Sounds Jazz Club \u00e0 Bruxelles, de sa fondation en 1985 par Sergio Duvalloni et Rosy Merlini, \u00e0 son \u00e9volution sous le Collectif Buen Vivir. Un lieu mythique du jazz belge et international, aujourd&#039;hui ouvert aux musiques du monde et aux cultures diasporiques.\" \/>\n<meta property=\"og:url\" content=\"https:\/\/sounds.tetedecom.pro\/fr\/jazz-club\/\" \/>\n<meta property=\"og:site_name\" content=\"Sounds Jazz Club\" \/>\n<meta property=\"article:modified_time\" content=\"2025-06-30T11:46:28+00:00\" \/>\n<meta name=\"twitter:card\" content=\"summary_large_image\" \/>\n<meta name=\"twitter:label1\" content=\"Dur\u00e9e de lecture estim\u00e9e\" \/>\n\t<meta name=\"twitter:data1\" content=\"2 minutes\" \/>\n<script type=\"application\/ld+json\" class=\"yoast-schema-graph\">{\"@context\":\"https:\/\/schema.org\",\"@graph\":[{\"@type\":\"WebPage\",\"@id\":\"https:\/\/sounds.tetedecom.pro\/fr\/jazz-club\/\",\"url\":\"https:\/\/sounds.tetedecom.pro\/fr\/jazz-club\/\",\"name\":\"A Propos - Sounds Jazz Club\",\"isPartOf\":{\"@id\":\"https:\/\/sounds.tetedecom.pro\/fr\/#website\"},\"datePublished\":\"2021-09-15T12:02:58+00:00\",\"dateModified\":\"2025-06-30T11:46:28+00:00\",\"description\":\"D\u00e9couvrez l'histoire du Sounds Jazz Club \u00e0 Bruxelles, de sa fondation en 1985 par Sergio Duvalloni et Rosy Merlini, \u00e0 son \u00e9volution sous le Collectif Buen Vivir. Un lieu mythique du jazz belge et international, aujourd'hui ouvert aux musiques du monde et aux cultures diasporiques.\",\"breadcrumb\":{\"@id\":\"https:\/\/sounds.tetedecom.pro\/fr\/jazz-club\/#breadcrumb\"},\"inLanguage\":\"fr-FR\",\"potentialAction\":[{\"@type\":\"ReadAction\",\"target\":[\"https:\/\/sounds.tetedecom.pro\/fr\/jazz-club\/\"]}]},{\"@type\":\"BreadcrumbList\",\"@id\":\"https:\/\/sounds.tetedecom.pro\/fr\/jazz-club\/#breadcrumb\",\"itemListElement\":[{\"@type\":\"ListItem\",\"position\":1,\"name\":\"Accueil\",\"item\":\"https:\/\/sounds.tetedecom.pro\/fr\/\"},{\"@type\":\"ListItem\",\"position\":2,\"name\":\"A Propos\"}]},{\"@type\":\"WebSite\",\"@id\":\"https:\/\/sounds.tetedecom.pro\/fr\/#website\",\"url\":\"https:\/\/sounds.tetedecom.pro\/fr\/\",\"name\":\"Sounds Jazz Club\",\"description\":\"\",\"publisher\":{\"@id\":\"https:\/\/sounds.tetedecom.pro\/fr\/#organization\"},\"potentialAction\":[{\"@type\":\"SearchAction\",\"target\":{\"@type\":\"EntryPoint\",\"urlTemplate\":\"https:\/\/sounds.tetedecom.pro\/fr\/?s={search_term_string}\"},\"query-input\":{\"@type\":\"PropertyValueSpecification\",\"valueRequired\":true,\"valueName\":\"search_term_string\"}}],\"inLanguage\":\"fr-FR\"},{\"@type\":\"Organization\",\"@id\":\"https:\/\/sounds.tetedecom.pro\/fr\/#organization\",\"name\":\"Sounds Jazz Club\",\"url\":\"https:\/\/sounds.tetedecom.pro\/fr\/\",\"logo\":{\"@type\":\"ImageObject\",\"inLanguage\":\"fr-FR\",\"@id\":\"https:\/\/sounds.tetedecom.pro\/fr\/#\/schema\/logo\/image\/\",\"url\":\"https:\/\/sounds.tetedecom.pro\/wp-content\/uploads\/2023\/09\/logo-sounds-BlackRed-RGB-scaled.jpg\",\"contentUrl\":\"https:\/\/sounds.tetedecom.pro\/wp-content\/uploads\/2023\/09\/logo-sounds-BlackRed-RGB-scaled.jpg\",\"width\":2048,\"height\":1428,\"caption\":\"Sounds Jazz Club\"},\"image\":{\"@id\":\"https:\/\/sounds.tetedecom.pro\/fr\/#\/schema\/logo\/image\/\"}}]}<\/script>\n<!-- \/ Yoast SEO plugin. -->","yoast_head_json":{"title":"A Propos - Sounds Jazz Club","description":"D\u00e9couvrez l'histoire du Sounds Jazz Club \u00e0 Bruxelles, de sa fondation en 1985 par Sergio Duvalloni et Rosy Merlini, \u00e0 son \u00e9volution sous le Collectif Buen Vivir. Un lieu mythique du jazz belge et international, aujourd'hui ouvert aux musiques du monde et aux cultures diasporiques.","robots":{"index":"index","follow":"follow","max-snippet":"max-snippet:-1","max-image-preview":"max-image-preview:large","max-video-preview":"max-video-preview:-1"},"canonical":"https:\/\/sounds.tetedecom.pro\/fr\/jazz-club\/","og_locale":"fr_FR","og_type":"article","og_title":"A Propos - Sounds Jazz Club","og_description":"D\u00e9couvrez l'histoire du Sounds Jazz Club \u00e0 Bruxelles, de sa fondation en 1985 par Sergio Duvalloni et Rosy Merlini, \u00e0 son \u00e9volution sous le Collectif Buen Vivir. Un lieu mythique du jazz belge et international, aujourd'hui ouvert aux musiques du monde et aux cultures diasporiques.","og_url":"https:\/\/sounds.tetedecom.pro\/fr\/jazz-club\/","og_site_name":"Sounds Jazz Club","article_modified_time":"2025-06-30T11:46:28+00:00","twitter_card":"summary_large_image","twitter_misc":{"Dur\u00e9e de lecture estim\u00e9e":"2 minutes"},"schema":{"@context":"https:\/\/schema.org","@graph":[{"@type":"WebPage","@id":"https:\/\/sounds.tetedecom.pro\/fr\/jazz-club\/","url":"https:\/\/sounds.tetedecom.pro\/fr\/jazz-club\/","name":"A Propos - Sounds Jazz Club","isPartOf":{"@id":"https:\/\/sounds.tetedecom.pro\/fr\/#website"},"datePublished":"2021-09-15T12:02:58+00:00","dateModified":"2025-06-30T11:46:28+00:00","description":"D\u00e9couvrez l'histoire du Sounds Jazz Club \u00e0 Bruxelles, de sa fondation en 1985 par Sergio Duvalloni et Rosy Merlini, \u00e0 son \u00e9volution sous le Collectif Buen Vivir. Un lieu mythique du jazz belge et international, aujourd'hui ouvert aux musiques du monde et aux cultures diasporiques.","breadcrumb":{"@id":"https:\/\/sounds.tetedecom.pro\/fr\/jazz-club\/#breadcrumb"},"inLanguage":"fr-FR","potentialAction":[{"@type":"ReadAction","target":["https:\/\/sounds.tetedecom.pro\/fr\/jazz-club\/"]}]},{"@type":"BreadcrumbList","@id":"https:\/\/sounds.tetedecom.pro\/fr\/jazz-club\/#breadcrumb","itemListElement":[{"@type":"ListItem","position":1,"name":"Accueil","item":"https:\/\/sounds.tetedecom.pro\/fr\/"},{"@type":"ListItem","position":2,"name":"A Propos"}]},{"@type":"WebSite","@id":"https:\/\/sounds.tetedecom.pro\/fr\/#website","url":"https:\/\/sounds.tetedecom.pro\/fr\/","name":"Sounds Jazz Club","description":"","publisher":{"@id":"https:\/\/sounds.tetedecom.pro\/fr\/#organization"},"potentialAction":[{"@type":"SearchAction","target":{"@type":"EntryPoint","urlTemplate":"https:\/\/sounds.tetedecom.pro\/fr\/?s={search_term_string}"},"query-input":{"@type":"PropertyValueSpecification","valueRequired":true,"valueName":"search_term_string"}}],"inLanguage":"fr-FR"},{"@type":"Organization","@id":"https:\/\/sounds.tetedecom.pro\/fr\/#organization","name":"Sounds Jazz Club","url":"https:\/\/sounds.tetedecom.pro\/fr\/","logo":{"@type":"ImageObject","inLanguage":"fr-FR","@id":"https:\/\/sounds.tetedecom.pro\/fr\/#\/schema\/logo\/image\/","url":"https:\/\/sounds.tetedecom.pro\/wp-content\/uploads\/2023\/09\/logo-sounds-BlackRed-RGB-scaled.jpg","contentUrl":"https:\/\/sounds.tetedecom.pro\/wp-content\/uploads\/2023\/09\/logo-sounds-BlackRed-RGB-scaled.jpg","width":2048,"height":1428,"caption":"Sounds Jazz Club"},"image":{"@id":"https:\/\/sounds.tetedecom.pro\/fr\/#\/schema\/logo\/image\/"}}]}},"_links":{"self":[{"href":"https:\/\/sounds.tetedecom.pro\/fr\/wp-json\/wp\/v2\/pages\/85026","targetHints":{"allow":["GET"]}}],"collection":[{"href":"https:\/\/sounds.tetedecom.pro\/fr\/wp-json\/wp\/v2\/pages"}],"about":[{"href":"https:\/\/sounds.tetedecom.pro\/fr\/wp-json\/wp\/v2\/types\/page"}],"author":[{"embeddable":true,"href":"https:\/\/sounds.tetedecom.pro\/fr\/wp-json\/wp\/v2\/users\/1"}],"replies":[{"embeddable":true,"href":"https:\/\/sounds.tetedecom.pro\/fr\/wp-json\/wp\/v2\/comments?post=85026"}],"version-history":[{"count":11,"href":"https:\/\/sounds.tetedecom.pro\/fr\/wp-json\/wp\/v2\/pages\/85026\/revisions"}],"predecessor-version":[{"id":150469,"href":"https:\/\/sounds.tetedecom.pro\/fr\/wp-json\/wp\/v2\/pages\/85026\/revisions\/150469"}],"wp:attachment":[{"href":"https:\/\/sounds.tetedecom.pro\/fr\/wp-json\/wp\/v2\/media?parent=85026"}],"curies":[{"name":"wp","href":"https:\/\/api.w.org\/{rel}","templated":true}]}}