{"id":136464,"date":"2020-04-06T15:59:11","date_gmt":"2020-04-06T13:59:11","guid":{"rendered":"https:\/\/sounds.tetedecom.pro\/mentions-legales\/"},"modified":"2024-09-17T18:23:25","modified_gmt":"2024-09-17T16:23:25","slug":"mentions-legales","status":"publish","type":"page","link":"https:\/\/sounds.tetedecom.pro\/fr\/mentions-legales\/","title":{"rendered":"Mentions l\u00e9gales"},"content":{"rendered":"<div class=\"wpb-content-wrapper\"><p>[vc_row][vc_column width=\u00a0\u00bb1\/1&Prime;][vc_column_text uncode_shortcode_id=\u00a0\u00bb129272&Prime;]<\/p>\n<h2>\u00c9diteur<\/h2>\n<p>Le propri\u00e9taire et \u00e9diteur de ce site Internet est SOUNDS RESIST ASBL, association Belge, dont le si\u00e8ge social est situ\u00e9 Rue de la tulipe, 28, 1050, IXELLES.<\/p>\n<p>Son num\u00e9ro de TVA intracommunautaire est le BE<span style=\"font-weight: 400;\">0790142204<\/span>.<\/p>\n<p>Sounds Resist peut \u00eatre jointe via le formulaire de contact accessible depuis toutes les pages de notre site.<\/p>\n<h2>R\u00e9alisation<\/h2>\n<p>T\u00eate de Com<br \/>\nwww.tetedecom.eu<\/p>\n<h2>H\u00e9bergeur<\/h2>\n<p>OVH SAS au capital de 10 069 020 \u20ac<br \/>\nRCS Lille M\u00e9tropole 424 761 419 00045<br \/>\nCode APE 2620Z<br \/>\nN\u00b0 TVA : FR 22 424 761 419<br \/>\nSi\u00e8ge social : 2 rue Kellermann<br \/>\n59100 Roubaix \u2013 France<\/p>\n<p>Directeur de la publication : Octave KLABA<\/p>\n<h2>Liens vers d\u2019autres sites<\/h2>\n<p>Sounds Resist propose sur ses sites des liens vers des sites tiers. Ces liens sont \u00e9tablis en accord avec les sites concern\u00e9s \u00e0 un moment o\u00f9 Sounds Resist a pu juger opportun de le faire, compte tenu des contenus et services de ces sites. Sounds Resist ne pourra \u00eatre tenue responsable du contenu de ces sites et de l\u2019usage qui pourra en \u00eatre fait par les utilisateurs.<\/p>\n<h2>Propri\u00e9t\u00e9 intellectuelle<\/h2>\n<p>L\u2019acc\u00e8s aux sites de l&rsquo;association Sounds Resist vous conf\u00e8re un droit d\u2019usage priv\u00e9 et non exclusif des dits sites. Tous les articles, photographies et autres documents sur ce site sont la propri\u00e9t\u00e9 de Sounds Resist , ou sont autoris\u00e9s par leurs propri\u00e9taires, et sont soumis au droit d\u2019auteur et autres droits de propri\u00e9t\u00e9 intellectuelle.<br \/>\nLes marques de commerce, logos, personnages (d\u00e9sign\u00e9s ensemble \u00ab Marque \u00bb) pr\u00e9sents sur ce site Internet appartiennent \u00e0 Sounds Resist ou \u00e0 ses partenaires. Aucune interpr\u00e9tation ne peut \u00eatre faite en faveur d\u2019une licence d\u2019utilisation ou d\u2019un quelconque droit d\u2019utiliser la Marque affich\u00e9e sur le site Internet.<br \/>\nL\u2019utilisation frauduleuse de la Marque ou de tout autre contenu du site Internet est totalement interdite. Sounds Resist vous informe qu\u2019elle usera largement de ses droits de propri\u00e9t\u00e9 intellectuelle pour engager des poursuites, m\u00eames p\u00e9nales, si n\u00e9cessaires.<\/p>\n<h2>Indisponibilit\u00e9s des sites<\/h2>\n<p>Sounds Resist s\u2019engage \u00e0 faire ses meilleurs efforts pour assurer aux utilisateurs une accessibilit\u00e9 \u00e0 ses sites \u00e0 tout moment. Sounds Resist ne pourra \u00eatre tenue responsable, en cas d\u2019indisponibilit\u00e9, pour quelque cause que ce soit.<\/p>\n<h2>Informations compl\u00e9mentaires<\/h2>\n<p>Pour toutes questions, r\u00e9clamations ou suggestions, adressez-vous \u00e0 <span style=\"font-weight: 400;\">Felipe Bueno par le <a href=\"https:\/\/sounds.tetedecom.pro\/fr\/contact\/\">formulaire de contact option \u00ab\u00a0Talk to the team\u00a0\u00bb<\/a><\/span><\/p>\n<p>&nbsp;<\/p>\n<p><a href=\"https:\/\/sounds.tetedecom.pro\/politique-de-confidentialite\/\">Donn\u00e9es personnelles<\/a>[\/vc_column_text][\/vc_column][\/vc_row]<\/p>\n<\/div>","protected":false},"excerpt":{"rendered":"<p>[vc_row][vc_column width=\u00a0\u00bb1\/1&Prime;][vc_column_text uncode_shortcode_id=\u00a0\u00bb129272&Prime;] \u00c9diteur Le propri\u00e9taire et \u00e9diteur de ce site Internet est SOUNDS RESIST ASBL, association Belge, dont le [&hellip;]<\/p>\n","protected":false},"author":1,"featured_media":0,"parent":0,"menu_order":0,"comment_status":"closed","ping_status":"closed","template":"","meta":{"_acf_changed":false,"footnotes":""},"class_list":["post-136464","page","type-page","status-publish","hentry"],"acf":[],"yoast_head":"<!-- This site is optimized with the Yoast SEO plugin v26.1.1 - https:\/\/yoast.com\/wordpress\/plugins\/seo\/ -->\n<title>Mentions l\u00e9gales - Sounds Jazz Club<\/title>\n<meta name=\"robots\" content=\"index, follow, max-snippet:-1, max-image-preview:large, max-video-preview:-1\" \/>\n<link rel=\"canonical\" href=\"https:\/\/sounds.tetedecom.pro\/fr\/mentions-legales\/\" \/>\n<meta property=\"og:locale\" content=\"fr_FR\" \/>\n<meta property=\"og:type\" content=\"article\" \/>\n<meta property=\"og:title\" content=\"Mentions l\u00e9gales - Sounds Jazz Club\" \/>\n<meta property=\"og:description\" content=\"[vc_row][vc_column width=\u00a0\u00bb1\/1&Prime;][vc_column_text uncode_shortcode_id=\u00a0\u00bb129272&Prime;] \u00c9diteur Le propri\u00e9taire et \u00e9diteur de ce site Internet est SOUNDS RESIST ASBL, association Belge, dont le [&hellip;]\" \/>\n<meta property=\"og:url\" content=\"https:\/\/sounds.tetedecom.pro\/fr\/mentions-legales\/\" \/>\n<meta property=\"og:site_name\" content=\"Sounds Jazz Club\" \/>\n<meta property=\"article:modified_time\" content=\"2024-09-17T16:23:25+00:00\" \/>\n<meta name=\"twitter:card\" content=\"summary_large_image\" \/>\n<meta name=\"twitter:label1\" content=\"Dur\u00e9e de lecture estim\u00e9e\" \/>\n\t<meta name=\"twitter:data1\" content=\"2 minutes\" \/>\n<script type=\"application\/ld+json\" class=\"yoast-schema-graph\">{\"@context\":\"https:\/\/schema.org\",\"@graph\":[{\"@type\":\"WebPage\",\"@id\":\"https:\/\/sounds.tetedecom.pro\/fr\/mentions-legales\/\",\"url\":\"https:\/\/sounds.tetedecom.pro\/fr\/mentions-legales\/\",\"name\":\"Mentions l\u00e9gales - Sounds Jazz Club\",\"isPartOf\":{\"@id\":\"https:\/\/sounds.tetedecom.pro\/fr\/#website\"},\"datePublished\":\"2020-04-06T13:59:11+00:00\",\"dateModified\":\"2024-09-17T16:23:25+00:00\",\"breadcrumb\":{\"@id\":\"https:\/\/sounds.tetedecom.pro\/fr\/mentions-legales\/#breadcrumb\"},\"inLanguage\":\"fr-FR\",\"potentialAction\":[{\"@type\":\"ReadAction\",\"target\":[\"https:\/\/sounds.tetedecom.pro\/fr\/mentions-legales\/\"]}]},{\"@type\":\"BreadcrumbList\",\"@id\":\"https:\/\/sounds.tetedecom.pro\/fr\/mentions-legales\/#breadcrumb\",\"itemListElement\":[{\"@type\":\"ListItem\",\"position\":1,\"name\":\"Accueil\",\"item\":\"https:\/\/sounds.tetedecom.pro\/fr\/\"},{\"@type\":\"ListItem\",\"position\":2,\"name\":\"Mentions l\u00e9gales\"}]},{\"@type\":\"WebSite\",\"@id\":\"https:\/\/sounds.tetedecom.pro\/fr\/#website\",\"url\":\"https:\/\/sounds.tetedecom.pro\/fr\/\",\"name\":\"Sounds Jazz Club\",\"description\":\"\",\"publisher\":{\"@id\":\"https:\/\/sounds.tetedecom.pro\/fr\/#organization\"},\"potentialAction\":[{\"@type\":\"SearchAction\",\"target\":{\"@type\":\"EntryPoint\",\"urlTemplate\":\"https:\/\/sounds.tetedecom.pro\/fr\/?s={search_term_string}\"},\"query-input\":{\"@type\":\"PropertyValueSpecification\",\"valueRequired\":true,\"valueName\":\"search_term_string\"}}],\"inLanguage\":\"fr-FR\"},{\"@type\":\"Organization\",\"@id\":\"https:\/\/sounds.tetedecom.pro\/fr\/#organization\",\"name\":\"Sounds Jazz Club\",\"url\":\"https:\/\/sounds.tetedecom.pro\/fr\/\",\"logo\":{\"@type\":\"ImageObject\",\"inLanguage\":\"fr-FR\",\"@id\":\"https:\/\/sounds.tetedecom.pro\/fr\/#\/schema\/logo\/image\/\",\"url\":\"https:\/\/sounds.tetedecom.pro\/wp-content\/uploads\/2023\/09\/logo-sounds-BlackRed-RGB-scaled.jpg\",\"contentUrl\":\"https:\/\/sounds.tetedecom.pro\/wp-content\/uploads\/2023\/09\/logo-sounds-BlackRed-RGB-scaled.jpg\",\"width\":2048,\"height\":1428,\"caption\":\"Sounds Jazz Club\"},\"image\":{\"@id\":\"https:\/\/sounds.tetedecom.pro\/fr\/#\/schema\/logo\/image\/\"}}]}<\/script>\n<!-- \/ Yoast SEO plugin. -->","yoast_head_json":{"title":"Mentions l\u00e9gales - Sounds Jazz Club","robots":{"index":"index","follow":"follow","max-snippet":"max-snippet:-1","max-image-preview":"max-image-preview:large","max-video-preview":"max-video-preview:-1"},"canonical":"https:\/\/sounds.tetedecom.pro\/fr\/mentions-legales\/","og_locale":"fr_FR","og_type":"article","og_title":"Mentions l\u00e9gales - Sounds Jazz Club","og_description":"[vc_row][vc_column width=\u00a0\u00bb1\/1&Prime;][vc_column_text uncode_shortcode_id=\u00a0\u00bb129272&Prime;] \u00c9diteur Le propri\u00e9taire et \u00e9diteur de ce site Internet est SOUNDS RESIST ASBL, association Belge, dont le [&hellip;]","og_url":"https:\/\/sounds.tetedecom.pro\/fr\/mentions-legales\/","og_site_name":"Sounds Jazz Club","article_modified_time":"2024-09-17T16:23:25+00:00","twitter_card":"summary_large_image","twitter_misc":{"Dur\u00e9e de lecture estim\u00e9e":"2 minutes"},"schema":{"@context":"https:\/\/schema.org","@graph":[{"@type":"WebPage","@id":"https:\/\/sounds.tetedecom.pro\/fr\/mentions-legales\/","url":"https:\/\/sounds.tetedecom.pro\/fr\/mentions-legales\/","name":"Mentions l\u00e9gales - Sounds Jazz Club","isPartOf":{"@id":"https:\/\/sounds.tetedecom.pro\/fr\/#website"},"datePublished":"2020-04-06T13:59:11+00:00","dateModified":"2024-09-17T16:23:25+00:00","breadcrumb":{"@id":"https:\/\/sounds.tetedecom.pro\/fr\/mentions-legales\/#breadcrumb"},"inLanguage":"fr-FR","potentialAction":[{"@type":"ReadAction","target":["https:\/\/sounds.tetedecom.pro\/fr\/mentions-legales\/"]}]},{"@type":"BreadcrumbList","@id":"https:\/\/sounds.tetedecom.pro\/fr\/mentions-legales\/#breadcrumb","itemListElement":[{"@type":"ListItem","position":1,"name":"Accueil","item":"https:\/\/sounds.tetedecom.pro\/fr\/"},{"@type":"ListItem","position":2,"name":"Mentions l\u00e9gales"}]},{"@type":"WebSite","@id":"https:\/\/sounds.tetedecom.pro\/fr\/#website","url":"https:\/\/sounds.tetedecom.pro\/fr\/","name":"Sounds Jazz Club","description":"","publisher":{"@id":"https:\/\/sounds.tetedecom.pro\/fr\/#organization"},"potentialAction":[{"@type":"SearchAction","target":{"@type":"EntryPoint","urlTemplate":"https:\/\/sounds.tetedecom.pro\/fr\/?s={search_term_string}"},"query-input":{"@type":"PropertyValueSpecification","valueRequired":true,"valueName":"search_term_string"}}],"inLanguage":"fr-FR"},{"@type":"Organization","@id":"https:\/\/sounds.tetedecom.pro\/fr\/#organization","name":"Sounds Jazz Club","url":"https:\/\/sounds.tetedecom.pro\/fr\/","logo":{"@type":"ImageObject","inLanguage":"fr-FR","@id":"https:\/\/sounds.tetedecom.pro\/fr\/#\/schema\/logo\/image\/","url":"https:\/\/sounds.tetedecom.pro\/wp-content\/uploads\/2023\/09\/logo-sounds-BlackRed-RGB-scaled.jpg","contentUrl":"https:\/\/sounds.tetedecom.pro\/wp-content\/uploads\/2023\/09\/logo-sounds-BlackRed-RGB-scaled.jpg","width":2048,"height":1428,"caption":"Sounds Jazz Club"},"image":{"@id":"https:\/\/sounds.tetedecom.pro\/fr\/#\/schema\/logo\/image\/"}}]}},"_links":{"self":[{"href":"https:\/\/sounds.tetedecom.pro\/fr\/wp-json\/wp\/v2\/pages\/136464","targetHints":{"allow":["GET"]}}],"collection":[{"href":"https:\/\/sounds.tetedecom.pro\/fr\/wp-json\/wp\/v2\/pages"}],"about":[{"href":"https:\/\/sounds.tetedecom.pro\/fr\/wp-json\/wp\/v2\/types\/page"}],"author":[{"embeddable":true,"href":"https:\/\/sounds.tetedecom.pro\/fr\/wp-json\/wp\/v2\/users\/1"}],"replies":[{"embeddable":true,"href":"https:\/\/sounds.tetedecom.pro\/fr\/wp-json\/wp\/v2\/comments?post=136464"}],"version-history":[{"count":4,"href":"https:\/\/sounds.tetedecom.pro\/fr\/wp-json\/wp\/v2\/pages\/136464\/revisions"}],"predecessor-version":[{"id":137657,"href":"https:\/\/sounds.tetedecom.pro\/fr\/wp-json\/wp\/v2\/pages\/136464\/revisions\/137657"}],"wp:attachment":[{"href":"https:\/\/sounds.tetedecom.pro\/fr\/wp-json\/wp\/v2\/media?parent=136464"}],"curies":[{"name":"wp","href":"https:\/\/api.w.org\/{rel}","templated":true}]}}